{"id":2235,"date":"2024-11-19T11:34:38","date_gmt":"2024-11-19T10:34:38","guid":{"rendered":"https:\/\/www.casalluert.com\/mentions-legales\/"},"modified":"2025-08-11T17:40:45","modified_gmt":"2025-08-11T16:40:45","slug":"mentions-legales","status":"publish","type":"page","link":"https:\/\/www.casalluert.com\/fr\/mentions-legales\/","title":{"rendered":"Mentions l\u00e9gales"},"content":{"rendered":"\t\t<div data-elementor-type=\"wp-page\" data-elementor-id=\"2235\" class=\"elementor elementor-2235 elementor-875\" data-elementor-post-type=\"page\">\n\t\t\t\t<div class=\"elementor-element elementor-element-e906760 e-flex e-con-boxed e-con e-parent\" data-id=\"e906760\" data-element_type=\"container\">\n\t\t\t\t\t<div class=\"e-con-inner\">\n\t\t\t\t<div class=\"elementor-element elementor-element-e273324 elementor-widget elementor-widget-heading\" data-id=\"e273324\" data-element_type=\"widget\" data-widget_type=\"heading.default\">\n\t\t\t\t<div class=\"elementor-widget-container\">\n\t\t\t\t\t<h2 class=\"elementor-heading-title elementor-size-default\">Mentions l\u00e9gales<\/h2>\t\t\t\t<\/div>\n\t\t\t\t<\/div>\n\t\t\t\t<div class=\"elementor-element elementor-element-74d16d7 elementor-widget-divider--view-line elementor-widget elementor-widget-divider\" data-id=\"74d16d7\" data-element_type=\"widget\" data-widget_type=\"divider.default\">\n\t\t\t\t<div class=\"elementor-widget-container\">\n\t\t\t\t\t\t\t<div class=\"elementor-divider\">\n\t\t\t<span class=\"elementor-divider-separator\">\n\t\t\t\t\t\t<\/span>\n\t\t<\/div>\n\t\t\t\t\t\t<\/div>\n\t\t\t\t<\/div>\n\t\t\t\t<div class=\"elementor-element elementor-element-75eca19 elementor-widget elementor-widget-heading\" data-id=\"75eca19\" data-element_type=\"widget\" data-widget_type=\"heading.default\">\n\t\t\t\t<div class=\"elementor-widget-container\">\n\t\t\t\t\t<h2 class=\"elementor-heading-title elementor-size-default\">LOI SUR LES SERVICES DE LA SOCI\u00c9T\u00c9 DE L'INFORMATION (LSSI)<\/h2>\t\t\t\t<\/div>\n\t\t\t\t<\/div>\n\t\t\t\t<div class=\"elementor-element elementor-element-4a96f19 elementor-widget elementor-widget-text-editor\" data-id=\"4a96f19\" data-element_type=\"widget\" data-widget_type=\"text-editor.default\">\n\t\t\t\t<div class=\"elementor-widget-container\">\n\t\t\t\t\t\t\t\t\t<p>Casa Lluert, responsable du site web, ci-apr\u00e8s le RESPONSABLE, met \u00e0 la disposition des utilisateurs le pr\u00e9sent document, avec lequel il entend se conformer aux obligations pr\u00e9vues par la loi 342002 du 11 juillet sur les services de la soci\u00e9t\u00e9 de l&rsquo;information et le commerce \u00e9lectronique (LSSICE), BOE N \u00ba 166, ainsi que d&rsquo;informer tous les utilisateurs du site web sur les conditions d&rsquo;utilisation.<\/p><p>Toute personne acc\u00e9dant \u00e0 ce site web assume le r\u00f4le d&rsquo;utilisateur, s&rsquo;engageant \u00e0 l&rsquo;observance et au respect rigoureux des dispositions ici \u00e9nonc\u00e9es, ainsi qu&rsquo;\u00e0 toute autre disposition l\u00e9gale applicable.<\/p><p>Casa Lluert se r\u00e9serve le droit de modifier tout type d&rsquo;information pouvant appara\u00eetre sur le site web, sans qu&rsquo;il soit n\u00e9cessaire d&rsquo;avertir ou d&rsquo;informer les utilisateurs de ces obligations, la publication sur le site web de Casa Lluert \u00e9tant consid\u00e9r\u00e9e comme suffisante.<\/p>\t\t\t\t\t\t\t\t<\/div>\n\t\t\t\t<\/div>\n\t\t\t\t\t<\/div>\n\t\t\t\t<\/div>\n\t\t<div class=\"elementor-element elementor-element-b4fc531 e-flex e-con-boxed e-con e-parent\" data-id=\"b4fc531\" data-element_type=\"container\">\n\t\t\t\t\t<div class=\"e-con-inner\">\n\t\t\t\t<div class=\"elementor-element elementor-element-42d1752 elementor-widget elementor-widget-heading\" data-id=\"42d1752\" data-element_type=\"widget\" data-widget_type=\"heading.default\">\n\t\t\t\t<div class=\"elementor-widget-container\">\n\t\t\t\t\t<h2 class=\"elementor-heading-title elementor-size-default\">1. DONN\u00c9ES D'IDENTIFICATION<\/h2>\t\t\t\t<\/div>\n\t\t\t\t<\/div>\n\t\t\t\t<div class=\"elementor-element elementor-element-2f7a87e elementor-widget elementor-widget-text-editor\" data-id=\"2f7a87e\" data-element_type=\"widget\" data-widget_type=\"text-editor.default\">\n\t\t\t\t<div class=\"elementor-widget-container\">\n\t\t\t\t\t\t\t\t\t<p><strong>Nom de domaine :<\/strong> <a href=\"http:\/\/www.casalluert.com\" target=\"_blank\" rel=\"noopener\">www.casalluert.com<\/a><br><strong>Nom commercial :<\/strong> Casa Lluert<br><strong>D\u00e9nomination sociale :<\/strong> Casa Lluert<br><strong>NIF : <\/strong><br><strong>Si\u00e8ge social :<\/strong> Casa Lluert de Clar\u00e0, sn, Avi\u00e0, Barcelone.<br><strong>T\u00e9l\u00e9phone :<\/strong> <a href=\"tel:+34615151010\" target=\"_blank\" rel=\"noopener\">+34 615 15 10 10<\/a><br><strong>e-mail :<\/strong> <a href=\"casalluert@gmail.com\" target=\"_blank\" rel=\"noopener\">casalluert@gmail.com<\/a><\/p>\t\t\t\t\t\t\t\t<\/div>\n\t\t\t\t<\/div>\n\t\t\t\t\t<\/div>\n\t\t\t\t<\/div>\n\t\t<div class=\"elementor-element elementor-element-298d7f3 e-flex e-con-boxed e-con e-parent\" data-id=\"298d7f3\" data-element_type=\"container\">\n\t\t\t\t\t<div class=\"e-con-inner\">\n\t\t\t\t<div class=\"elementor-element elementor-element-2815b95 elementor-widget elementor-widget-heading\" data-id=\"2815b95\" data-element_type=\"widget\" data-widget_type=\"heading.default\">\n\t\t\t\t<div class=\"elementor-widget-container\">\n\t\t\t\t\t<h2 class=\"elementor-heading-title elementor-size-default\">2. DROITS DE PROPRI\u00c9T\u00c9 INTELLECTUELLE ET INDUSTRIELLE<\/h2>\t\t\t\t<\/div>\n\t\t\t\t<\/div>\n\t\t\t\t<div class=\"elementor-element elementor-element-986db17 elementor-widget elementor-widget-text-editor\" data-id=\"986db17\" data-element_type=\"widget\" data-widget_type=\"text-editor.default\">\n\t\t\t\t<div class=\"elementor-widget-container\">\n\t\t\t\t\t\t\t\t\t<p>Le site web, y compris, \u00e0 titre d&rsquo;exemple mais sans s&rsquo;y limiter, sa programmation, son \u00e9dition, sa compilation et les autres \u00e9l\u00e9ments n\u00e9cessaires \u00e0 son fonctionnement, les dessins, les logos, le texte et les graphiques, sont la propri\u00e9t\u00e9 du RESPONSABLE ou, le cas \u00e9ch\u00e9ant, il dispose d&rsquo;une licence ou d&rsquo;une autorisation expresse de la part des auteurs. Tous les contenus du site web sont d\u00fbment prot\u00e9g\u00e9s par la r\u00e9glementation en mati\u00e8re de propri\u00e9t\u00e9 intellectuelle et industrielle, et sont inscrits dans les registres publics correspondants. <\/p><p>Ind\u00e9pendamment de la finalit\u00e9 pour laquelle ils sont destin\u00e9s, la reproduction totale ou partielle, l&rsquo;utilisation, l&rsquo;exploitation, la distribution et la commercialisation n\u00e9cessitent dans tous les cas l&rsquo;autorisation \u00e9crite pr\u00e9alable du RESPONSABLE. Toute utilisation non autoris\u00e9e au pr\u00e9alable est consid\u00e9r\u00e9e comme une violation grave des droits de propri\u00e9t\u00e9 intellectuelle ou industrielle de l&rsquo;auteur. <\/p><p>Les dessins, logos, textes et graphiques n&rsquo;appartenant pas au RESPONSABLE et pouvant appara\u00eetre sur le site web appartiennent \u00e0 leurs propri\u00e9taires respectifs, qui sont eux-m\u00eames responsables de toute controverse pouvant survenir \u00e0 leur sujet. Le RESPONSABLE autorise express\u00e9ment les tiers \u00e0 rediriger directement vers les contenus sp\u00e9cifiques du site web, et dans tous les cas \u00e0 rediriger vers le site web principal de <a href=\"http:\/\/www.casalluert.com\" target=\"_blank\" rel=\"noopener\">www.casalluert.com<\/a>. <\/p><p>Le RESPONSABLE reconna\u00eet \u00e0 leurs titulaires les droits de propri\u00e9t\u00e9 intellectuelle et industrielle correspondants, leur simple mention ou apparition sur le site web n&rsquo;impliquant pas l&rsquo;existence de droits ou de responsabilit\u00e9s quelconques \u00e0 leur \u00e9gard, ni un soutien, un parrainage ou une recommandation de sa part.<\/p><p>Pour faire part de toute observation concernant d&rsquo;\u00e9ventuelles violations des droits de propri\u00e9t\u00e9 intellectuelle ou industrielle, ainsi que sur l&rsquo;un quelconque des contenus du site web, vous pouvez le faire par courrier \u00e9lectronique \u00e0 l&rsquo;adresse <a href=\"mailto:casalluert@gmail.com\">casalluert@gmail.com<\/a>.<\/p>\t\t\t\t\t\t\t\t<\/div>\n\t\t\t\t<\/div>\n\t\t\t\t\t<\/div>\n\t\t\t\t<\/div>\n\t\t<div class=\"elementor-element elementor-element-52bd8ba e-flex e-con-boxed e-con e-parent\" data-id=\"52bd8ba\" data-element_type=\"container\">\n\t\t\t\t\t<div class=\"e-con-inner\">\n\t\t\t\t<div class=\"elementor-element elementor-element-811b9b9 elementor-widget elementor-widget-heading\" data-id=\"811b9b9\" data-element_type=\"widget\" data-widget_type=\"heading.default\">\n\t\t\t\t<div class=\"elementor-widget-container\">\n\t\t\t\t\t<h2 class=\"elementor-heading-title elementor-size-default\">3. EXON\u00c9RATION DE RESPONSABILIT\u00c9<\/h2>\t\t\t\t<\/div>\n\t\t\t\t<\/div>\n\t\t\t\t<div class=\"elementor-element elementor-element-5845971 elementor-widget elementor-widget-text-editor\" data-id=\"5845971\" data-element_type=\"widget\" data-widget_type=\"text-editor.default\">\n\t\t\t\t<div class=\"elementor-widget-container\">\n\t\t\t\t\t\t\t\t\t<p>Le RESPONSABLE se d\u00e9gage de toute responsabilit\u00e9 d\u00e9coulant des informations publi\u00e9es sur son site web, \u00e0 condition que ces informations aient \u00e9t\u00e9 manipul\u00e9es ou introduites par un tiers ext\u00e9rieur \u00e0 celui-ci.<\/p><p><strong>Utilisation de cookies<\/strong><\/p><p>Ce site web peut utiliser des cookies techniques (petits fichiers d&rsquo;information que le serveur envoie \u00e0 l&rsquo;ordinateur de la personne acc\u00e9dant \u00e0 la page) pour mener \u00e0 bien certaines fonctions qui sont consid\u00e9r\u00e9es comme indispensables au bon fonctionnement et \u00e0 la visualisation du site. Les cookies utilis\u00e9s ont, dans tous les cas, un caract\u00e8re temporaire, dans le seul but de rendre la navigation plus efficace, et disparaissent \u00e0 la fin de la session de l&rsquo;utilisateur. En aucun cas, ces cookies ne fournissent par eux-m\u00eames des donn\u00e9es \u00e0 caract\u00e8re personnel et ne seront pas utilis\u00e9s pour la collecte de celles-ci.  <\/p><p>Gr\u00e2ce \u00e0 l&rsquo;utilisation de cookies, il est \u00e9galement possible que le serveur o\u00f9 se trouve le site web reconnaisse le navigateur utilis\u00e9 par l&rsquo;utilisateur afin de faciliter la navigation, en permettant, par exemple, aux utilisateurs qui se sont inscrits pr\u00e9c\u00e9demment d&rsquo;acc\u00e9der aux zones, services, promotions ou concours qui leur sont exclusivement r\u00e9serv\u00e9s sans avoir \u00e0 s&rsquo;inscrire \u00e0 chaque visite.<\/p><p>Ils peuvent \u00e9galement \u00eatre utilis\u00e9s pour mesurer l&rsquo;audience, les param\u00e8tres de trafic, contr\u00f4ler la progression et le nombre d&rsquo;entr\u00e9es, etc., \u00e9tant dans ces cas des cookies techniquement dispensables mais b\u00e9n\u00e9fiques pour l&rsquo;utilisateur. Ce site web n&rsquo;installera pas de cookies dispensables sans le consentement pr\u00e9alable de l&rsquo;utilisateur. <\/p><p>L&rsquo;utilisateur a la possibilit\u00e9 de configurer son navigateur pour \u00eatre alert\u00e9 de la r\u00e9ception de cookies et pour emp\u00eacher leur installation sur son ordinateur. Veuillez consulter les instructions de votre navigateur pour plus d&rsquo;informations.<br>Politique de liens <\/p><p>Depuis le site web, il est possible d&rsquo;\u00eatre redirig\u00e9 vers des contenus de sites web tiers. \u00c9tant donn\u00e9 que le RESPONSABLE ne peut pas toujours contr\u00f4ler les contenus introduits par les tiers sur leurs sites web respectifs, il n&rsquo;assume aucune responsabilit\u00e9 quant \u00e0 ces contenus. Dans tous les cas, il proc\u00e9dera au retrait imm\u00e9diat de tout contenu pouvant contrevenir \u00e0 la l\u00e9gislation nationale ou internationale, \u00e0 la morale ou \u00e0 l&rsquo;ordre public, en proc\u00e9dant au retrait imm\u00e9diat de la redirection vers ledit site web, en informant les autorit\u00e9s comp\u00e9tentes du contenu en question.  <\/p><p>Le RESPONSABLE ne saurait \u00eatre tenu responsable des informations et contenus stock\u00e9s, \u00e0 titre d&rsquo;exemple mais sans s&rsquo;y limiter, dans les forums, chats, g\u00e9n\u00e9rateurs de blogs, commentaires, r\u00e9seaux sociaux ou tout autre moyen permettant \u00e0 des tiers de publier des contenus de mani\u00e8re ind\u00e9pendante sur la page web du RESPONSABLE. Toutefois, et conform\u00e9ment aux dispositions des articles 11 et 16 de la LSSICE, il met \u00e0 la disposition de tous les utilisateurs, autorit\u00e9s et forces de s\u00e9curit\u00e9, en collaborant activement au retrait ou, le cas \u00e9ch\u00e9ant, au blocage de tous les contenus susceptibles d&rsquo;affecter ou de contrevenir \u00e0 la l\u00e9gislation nationale ou internationale, aux droits des tiers ou \u00e0 la morale et \u00e0 l&rsquo;ordre public. Si l&rsquo;utilisateur consid\u00e8re qu&rsquo;il existe sur le site web un contenu susceptible d&rsquo;\u00eatre class\u00e9 comme tel, il est pri\u00e9 de le notifier imm\u00e9diatement \u00e0 l&rsquo;administrateur du site web.  <\/p><p>Ce site web a \u00e9t\u00e9 v\u00e9rifi\u00e9 et test\u00e9 pour fonctionner correctement. En principe, son bon fonctionnement peut \u00eatre garanti 365 jours par an, 24 heures sur 24. Toutefois, le RESPONSABLE n&rsquo;exclut pas la possibilit\u00e9 que certaines erreurs de programmation se produisent, ou que des cas de force majeure, des catastrophes naturelles, des gr\u00e8ves ou des circonstances similaires rendent impossible l&rsquo;acc\u00e8s \u00e0 la page web.  <\/p><p><strong>Adresses IP<\/strong><\/p><p>Les serveurs du site web pourront d\u00e9tecter automatiquement l&rsquo;adresse IP et le nom de domaine utilis\u00e9s par l&rsquo;utilisateur. Une adresse IP est un num\u00e9ro attribu\u00e9 automatiquement \u00e0 un ordinateur lorsqu&rsquo;il se connecte \u00e0 Internet. Toutes ces informations sont enregistr\u00e9es dans un fichier d&rsquo;activit\u00e9 du serveur d\u00fbment enregistr\u00e9 qui permet le traitement ult\u00e9rieur des donn\u00e9es afin d&rsquo;obtenir des mesures uniquement statistiques permettant de conna\u00eetre le nombre d&rsquo;impressions de pages, le nombre de visites effectu\u00e9es sur les serveurs web, l&rsquo;ordre des visites, le point d&rsquo;acc\u00e8s, etc.  <\/p>\t\t\t\t\t\t\t\t<\/div>\n\t\t\t\t<\/div>\n\t\t\t\t\t<\/div>\n\t\t\t\t<\/div>\n\t\t<div class=\"elementor-element elementor-element-3fc5cd1 e-flex e-con-boxed e-con e-parent\" data-id=\"3fc5cd1\" data-element_type=\"container\">\n\t\t\t\t\t<div class=\"e-con-inner\">\n\t\t\t\t<div class=\"elementor-element elementor-element-ab87ff5 elementor-widget elementor-widget-heading\" data-id=\"ab87ff5\" data-element_type=\"widget\" data-widget_type=\"heading.default\">\n\t\t\t\t<div class=\"elementor-widget-container\">\n\t\t\t\t\t<h2 class=\"elementor-heading-title elementor-size-default\">4. LOI APPLICABLE ET JURIDICTION<\/h2>\t\t\t\t<\/div>\n\t\t\t\t<\/div>\n\t\t\t\t<div class=\"elementor-element elementor-element-088133e elementor-widget elementor-widget-text-editor\" data-id=\"088133e\" data-element_type=\"widget\" data-widget_type=\"text-editor.default\">\n\t\t\t\t<div class=\"elementor-widget-container\">\n\t\t\t\t\t\t\t\t\t<p>Pour la r\u00e9solution de tous les litiges ou questions li\u00e9s au pr\u00e9sent site web ou aux activit\u00e9s qui y sont men\u00e9es, la l\u00e9gislation espagnole sera applicable, \u00e0 laquelle les parties se soumettent express\u00e9ment, les tribunaux les plus proches de Casa Lluert de Clar\u00e0, sn, Avi\u00e0, Barcelone, \u00e9tant comp\u00e9tents pour la r\u00e9solution de tous les conflits d\u00e9coulant de son utilisation ou li\u00e9s \u00e0 celle-ci.<\/p>\t\t\t\t\t\t\t\t<\/div>\n\t\t\t\t<\/div>\n\t\t\t\t\t<\/div>\n\t\t\t\t<\/div>\n\t\t\t\t<\/div>\n\t\t","protected":false},"excerpt":{"rendered":"<p>Mentions l\u00e9gales LOI SUR LES SERVICES DE LA SOCI\u00c9T\u00c9 DE L&rsquo;INFORMATION (LSSI) Casa Lluert, responsable du site web, ci-apr\u00e8s le RESPONSABLE, met \u00e0 la disposition des utilisateurs le pr\u00e9sent document, avec lequel il entend se conformer aux obligations pr\u00e9vues par la loi 342002 du 11 juillet sur les services de la soci\u00e9t\u00e9 de l&rsquo;information et<\/p>\n","protected":false},"author":1,"featured_media":0,"parent":0,"menu_order":0,"comment_status":"closed","ping_status":"closed","template":"tpl-visual_composer.php","meta":{"_joinchat":[],"footnotes":""},"class_list":["post-2235","page","type-page","status-publish","hentry"],"yoast_head":"<!-- This site is optimized with the Yoast SEO plugin v27.2 - https:\/\/yoast.com\/product\/yoast-seo-wordpress\/ -->\n<title>Mentions l\u00e9gales - Casa Lluert<\/title>\n<meta name=\"robots\" content=\"index, follow, max-snippet:-1, max-image-preview:large, max-video-preview:-1\" \/>\n<link rel=\"canonical\" href=\"https:\/\/www.casalluert.com\/fr\/mentions-legales\/\" \/>\n<meta property=\"og:locale\" content=\"fr_FR\" \/>\n<meta property=\"og:type\" content=\"article\" \/>\n<meta property=\"og:title\" content=\"Mentions l\u00e9gales - Casa Lluert\" \/>\n<meta property=\"og:description\" content=\"Mentions l\u00e9gales LOI SUR LES SERVICES DE LA SOCI\u00c9T\u00c9 DE L&rsquo;INFORMATION (LSSI) Casa Lluert, responsable du site web, ci-apr\u00e8s le RESPONSABLE, met \u00e0 la disposition des utilisateurs le pr\u00e9sent document, avec lequel il entend se conformer aux obligations pr\u00e9vues par la loi 342002 du 11 juillet sur les services de la soci\u00e9t\u00e9 de l&rsquo;information et\" \/>\n<meta property=\"og:url\" content=\"https:\/\/www.casalluert.com\/fr\/mentions-legales\/\" \/>\n<meta property=\"og:site_name\" content=\"Casa Lluert\" \/>\n<meta property=\"article:modified_time\" content=\"2025-08-11T16:40:45+00:00\" \/>\n<meta name=\"twitter:card\" content=\"summary_large_image\" \/>\n<meta name=\"twitter:label1\" content=\"Dur\u00e9e de lecture estim\u00e9e\" \/>\n\t<meta name=\"twitter:data1\" content=\"6 minutes\" \/>\n<script type=\"application\/ld+json\" class=\"yoast-schema-graph\">{\"@context\":\"https:\/\/schema.org\",\"@graph\":[{\"@type\":\"WebPage\",\"@id\":\"https:\/\/www.casalluert.com\/fr\/mentions-legales\/\",\"url\":\"https:\/\/www.casalluert.com\/fr\/mentions-legales\/\",\"name\":\"Mentions l\u00e9gales - Casa Lluert\",\"isPartOf\":{\"@id\":\"https:\/\/www.casalluert.com\/fr\/#website\"},\"datePublished\":\"2024-11-19T10:34:38+00:00\",\"dateModified\":\"2025-08-11T16:40:45+00:00\",\"breadcrumb\":{\"@id\":\"https:\/\/www.casalluert.com\/fr\/mentions-legales\/#breadcrumb\"},\"inLanguage\":\"fr-FR\",\"potentialAction\":[{\"@type\":\"ReadAction\",\"target\":[\"https:\/\/www.casalluert.com\/fr\/mentions-legales\/\"]}]},{\"@type\":\"BreadcrumbList\",\"@id\":\"https:\/\/www.casalluert.com\/fr\/mentions-legales\/#breadcrumb\",\"itemListElement\":[{\"@type\":\"ListItem\",\"position\":1,\"name\":\"Inici\",\"item\":\"https:\/\/www.casalluert.com\/fr\/debut\/\"},{\"@type\":\"ListItem\",\"position\":2,\"name\":\"Mentions l\u00e9gales\"}]},{\"@type\":\"WebSite\",\"@id\":\"https:\/\/www.casalluert.com\/fr\/#website\",\"url\":\"https:\/\/www.casalluert.com\/fr\/\",\"name\":\"Casa Lluert\",\"description\":\"Casa Rural a Avi\u00e0\",\"publisher\":{\"@id\":\"https:\/\/www.casalluert.com\/fr\/#organization\"},\"potentialAction\":[{\"@type\":\"SearchAction\",\"target\":{\"@type\":\"EntryPoint\",\"urlTemplate\":\"https:\/\/www.casalluert.com\/fr\/?s={search_term_string}\"},\"query-input\":{\"@type\":\"PropertyValueSpecification\",\"valueRequired\":true,\"valueName\":\"search_term_string\"}}],\"inLanguage\":\"fr-FR\"},{\"@type\":\"Organization\",\"@id\":\"https:\/\/www.casalluert.com\/fr\/#organization\",\"name\":\"Casa Lluert\",\"url\":\"https:\/\/www.casalluert.com\/fr\/\",\"logo\":{\"@type\":\"ImageObject\",\"inLanguage\":\"fr-FR\",\"@id\":\"https:\/\/www.casalluert.com\/fr\/#\/schema\/logo\/image\/\",\"url\":\"https:\/\/www.casalluert.com\/wp-content\/uploads\/2024\/11\/img-logo-casa-lluert-2024-1.png\",\"contentUrl\":\"https:\/\/www.casalluert.com\/wp-content\/uploads\/2024\/11\/img-logo-casa-lluert-2024-1.png\",\"width\":200,\"height\":100,\"caption\":\"Casa Lluert\"},\"image\":{\"@id\":\"https:\/\/www.casalluert.com\/fr\/#\/schema\/logo\/image\/\"}}]}<\/script>\n<!-- \/ Yoast SEO plugin. -->","yoast_head_json":{"title":"Mentions l\u00e9gales - Casa Lluert","robots":{"index":"index","follow":"follow","max-snippet":"max-snippet:-1","max-image-preview":"max-image-preview:large","max-video-preview":"max-video-preview:-1"},"canonical":"https:\/\/www.casalluert.com\/fr\/mentions-legales\/","og_locale":"fr_FR","og_type":"article","og_title":"Mentions l\u00e9gales - Casa Lluert","og_description":"Mentions l\u00e9gales LOI SUR LES SERVICES DE LA SOCI\u00c9T\u00c9 DE L&rsquo;INFORMATION (LSSI) Casa Lluert, responsable du site web, ci-apr\u00e8s le RESPONSABLE, met \u00e0 la disposition des utilisateurs le pr\u00e9sent document, avec lequel il entend se conformer aux obligations pr\u00e9vues par la loi 342002 du 11 juillet sur les services de la soci\u00e9t\u00e9 de l&rsquo;information et","og_url":"https:\/\/www.casalluert.com\/fr\/mentions-legales\/","og_site_name":"Casa Lluert","article_modified_time":"2025-08-11T16:40:45+00:00","twitter_card":"summary_large_image","twitter_misc":{"Dur\u00e9e de lecture estim\u00e9e":"6 minutes"},"schema":{"@context":"https:\/\/schema.org","@graph":[{"@type":"WebPage","@id":"https:\/\/www.casalluert.com\/fr\/mentions-legales\/","url":"https:\/\/www.casalluert.com\/fr\/mentions-legales\/","name":"Mentions l\u00e9gales - Casa Lluert","isPartOf":{"@id":"https:\/\/www.casalluert.com\/fr\/#website"},"datePublished":"2024-11-19T10:34:38+00:00","dateModified":"2025-08-11T16:40:45+00:00","breadcrumb":{"@id":"https:\/\/www.casalluert.com\/fr\/mentions-legales\/#breadcrumb"},"inLanguage":"fr-FR","potentialAction":[{"@type":"ReadAction","target":["https:\/\/www.casalluert.com\/fr\/mentions-legales\/"]}]},{"@type":"BreadcrumbList","@id":"https:\/\/www.casalluert.com\/fr\/mentions-legales\/#breadcrumb","itemListElement":[{"@type":"ListItem","position":1,"name":"Inici","item":"https:\/\/www.casalluert.com\/fr\/debut\/"},{"@type":"ListItem","position":2,"name":"Mentions l\u00e9gales"}]},{"@type":"WebSite","@id":"https:\/\/www.casalluert.com\/fr\/#website","url":"https:\/\/www.casalluert.com\/fr\/","name":"Casa Lluert","description":"Casa Rural a Avi\u00e0","publisher":{"@id":"https:\/\/www.casalluert.com\/fr\/#organization"},"potentialAction":[{"@type":"SearchAction","target":{"@type":"EntryPoint","urlTemplate":"https:\/\/www.casalluert.com\/fr\/?s={search_term_string}"},"query-input":{"@type":"PropertyValueSpecification","valueRequired":true,"valueName":"search_term_string"}}],"inLanguage":"fr-FR"},{"@type":"Organization","@id":"https:\/\/www.casalluert.com\/fr\/#organization","name":"Casa Lluert","url":"https:\/\/www.casalluert.com\/fr\/","logo":{"@type":"ImageObject","inLanguage":"fr-FR","@id":"https:\/\/www.casalluert.com\/fr\/#\/schema\/logo\/image\/","url":"https:\/\/www.casalluert.com\/wp-content\/uploads\/2024\/11\/img-logo-casa-lluert-2024-1.png","contentUrl":"https:\/\/www.casalluert.com\/wp-content\/uploads\/2024\/11\/img-logo-casa-lluert-2024-1.png","width":200,"height":100,"caption":"Casa Lluert"},"image":{"@id":"https:\/\/www.casalluert.com\/fr\/#\/schema\/logo\/image\/"}}]}},"_links":{"self":[{"href":"https:\/\/www.casalluert.com\/fr\/wp-json\/wp\/v2\/pages\/2235","targetHints":{"allow":["GET"]}}],"collection":[{"href":"https:\/\/www.casalluert.com\/fr\/wp-json\/wp\/v2\/pages"}],"about":[{"href":"https:\/\/www.casalluert.com\/fr\/wp-json\/wp\/v2\/types\/page"}],"author":[{"embeddable":true,"href":"https:\/\/www.casalluert.com\/fr\/wp-json\/wp\/v2\/users\/1"}],"replies":[{"embeddable":true,"href":"https:\/\/www.casalluert.com\/fr\/wp-json\/wp\/v2\/comments?post=2235"}],"version-history":[{"count":1,"href":"https:\/\/www.casalluert.com\/fr\/wp-json\/wp\/v2\/pages\/2235\/revisions"}],"predecessor-version":[{"id":2236,"href":"https:\/\/www.casalluert.com\/fr\/wp-json\/wp\/v2\/pages\/2235\/revisions\/2236"}],"wp:attachment":[{"href":"https:\/\/www.casalluert.com\/fr\/wp-json\/wp\/v2\/media?parent=2235"}],"curies":[{"name":"wp","href":"https:\/\/api.w.org\/{rel}","templated":true}]}}