{"id":2183,"date":"2024-11-20T10:44:18","date_gmt":"2024-11-20T09:44:18","guid":{"rendered":"https:\/\/www.casalluert.com\/declaration-daccessibilite\/"},"modified":"2025-08-11T17:40:28","modified_gmt":"2025-08-11T16:40:28","slug":"declaration-daccessibilite","status":"publish","type":"page","link":"https:\/\/www.casalluert.com\/fr\/declaration-daccessibilite\/","title":{"rendered":"D\u00e9claration d&rsquo;accessibilit\u00e9"},"content":{"rendered":"\t\t<div data-elementor-type=\"wp-page\" data-elementor-id=\"2183\" class=\"elementor elementor-2183 elementor-1004\" data-elementor-post-type=\"page\">\n\t\t\t\t<div class=\"elementor-element elementor-element-e906760 e-flex e-con-boxed e-con e-parent\" data-id=\"e906760\" data-element_type=\"container\">\n\t\t\t\t\t<div class=\"e-con-inner\">\n\t\t\t\t<div class=\"elementor-element elementor-element-e273324 elementor-widget elementor-widget-heading\" data-id=\"e273324\" data-element_type=\"widget\" data-widget_type=\"heading.default\">\n\t\t\t\t<div class=\"elementor-widget-container\">\n\t\t\t\t\t<h2 class=\"elementor-heading-title elementor-size-default\">D\u00e9claration d'accessibilit\u00e9<\/h2>\t\t\t\t<\/div>\n\t\t\t\t<\/div>\n\t\t\t\t<div class=\"elementor-element elementor-element-74d16d7 elementor-widget-divider--view-line elementor-widget elementor-widget-divider\" data-id=\"74d16d7\" data-element_type=\"widget\" data-widget_type=\"divider.default\">\n\t\t\t\t<div class=\"elementor-widget-container\">\n\t\t\t\t\t\t\t<div class=\"elementor-divider\">\n\t\t\t<span class=\"elementor-divider-separator\">\n\t\t\t\t\t\t<\/span>\n\t\t<\/div>\n\t\t\t\t\t\t<\/div>\n\t\t\t\t<\/div>\n\t\t\t\t<div class=\"elementor-element elementor-element-75eca19 elementor-widget elementor-widget-heading\" data-id=\"75eca19\" data-element_type=\"widget\" data-widget_type=\"heading.default\">\n\t\t\t\t<div class=\"elementor-widget-container\">\n\t\t\t\t\t<h2 class=\"elementor-heading-title elementor-size-default\">Introduction\n<\/h2>\t\t\t\t<\/div>\n\t\t\t\t<\/div>\n\t\t\t\t<div class=\"elementor-element elementor-element-4a96f19 elementor-widget elementor-widget-text-editor\" data-id=\"4a96f19\" data-element_type=\"widget\" data-widget_type=\"text-editor.default\">\n\t\t\t\t<div class=\"elementor-widget-container\">\n\t\t\t\t\t\t\t\t\t<p>MARIA ESTHER ARGERICH RAMELLS s&rsquo;est engag\u00e9e \u00e0 rendre son site web accessible conform\u00e9ment au d\u00e9cret royal 1112\/2018 du 7 septembre sur l&rsquo;accessibilit\u00e9 des sites web et des applications pour appareils mobiles du secteur public.<\/p><p>Cette d\u00e9claration d&rsquo;accessibilit\u00e9 s&rsquo;applique au site web <a href=\"http:\/\/casalluert.com\/\">www.casalluert.com<\/a>.<\/p><p>Situation de conformit\u00e9<\/p><p>Ce site web est partiellement conforme au RD 1112\/2018 en raison des exceptions et du manque de conformit\u00e9 des aspects indiqu\u00e9s ci-dessous.<\/p>\t\t\t\t\t\t\t\t<\/div>\n\t\t\t\t<\/div>\n\t\t\t\t\t<\/div>\n\t\t\t\t<\/div>\n\t\t<div class=\"elementor-element elementor-element-b4fc531 e-flex e-con-boxed e-con e-parent\" data-id=\"b4fc531\" data-element_type=\"container\">\n\t\t\t\t\t<div class=\"e-con-inner\">\n\t\t\t\t<div class=\"elementor-element elementor-element-42d1752 elementor-widget elementor-widget-heading\" data-id=\"42d1752\" data-element_type=\"widget\" data-widget_type=\"heading.default\">\n\t\t\t\t<div class=\"elementor-widget-container\">\n\t\t\t\t\t<h2 class=\"elementor-heading-title elementor-size-default\">Contenu non accessible<\/h2>\t\t\t\t<\/div>\n\t\t\t\t<\/div>\n\t\t\t\t<div class=\"elementor-element elementor-element-2f7a87e elementor-widget elementor-widget-text-editor\" data-id=\"2f7a87e\" data-element_type=\"widget\" data-widget_type=\"text-editor.default\">\n\t\t\t\t<div class=\"elementor-widget-container\">\n\t\t\t\t\t\t\t\t\t<p>Le contenu repris ci-dessous n&rsquo;est pas accessible pour les raisons suivantes :<\/p><p>1. Non-conformit\u00e9 au RD 1112\/2018 :<\/p><p>Il existe des logos et des images avec un texte alternatif incorrect ou confus et des images complexes sans description textuelle [exigence num\u00e9ro 9.1.1.1 Contenu non textuel, de UNE-EN 301549:2022].<\/p><p>Il existe des listes cr\u00e9\u00e9es de mani\u00e8re incorrecte (sans \u00e9tiquette de liste), des tableaux avec des cellules \u00e9tiquet\u00e9es incorrectement et des \u00e9tiquettes invisibles dans les \u00e9l\u00e9ments de formulaires [exigence num\u00e9ro 9.1.3.1 Information et relations, de UNE-EN 301549:2022].<\/p><p>Certains tableaux ne sont pas adapt\u00e9s aux petites tailles d&rsquo;\u00e9cran et certains champs de formulaire ne s&rsquo;affichent pas correctement sur les petites tailles d&rsquo;\u00e9cran [exigence num\u00e9ro 9.1.4.10 R\u00e9ajustement du texte, de UNE-EN 301549:2022].<\/p><p>Certains textes ne s&rsquo;affichent pas correctement lorsque l&rsquo;on modifie les espaces et les hauteurs de ligne [exigence num\u00e9ro 9.1.4.12 Espacement du texte, de UNE-EN 301549:2022].<\/p><p>Certains \u00e9l\u00e9ments ne sont pas accessibles au clavier, tels que les liens vers les r\u00e9seaux sociaux, l&rsquo;\u00e9diteur de texte pour les commentaires, les \u00e9l\u00e9ments pour trier les r\u00e9sultats de recherche, la pagination des r\u00e9sultats de recherche ou les fl\u00e8ches du calendrier [exigence num\u00e9ro 9.2.1.1 Clavier, de UNE-EN 301549:2022].<\/p><p>Certains \u00e9l\u00e9ments ne re\u00e7oivent pas le focus et ne peuvent donc pas \u00eatre utilis\u00e9s via le clavier, par exemple [exigence num\u00e9ro 9.2.4.3 Ordre de focus, de UNE-EN 301549:2022].<\/p><p>Certains liens n&rsquo;identifient pas correctement leur fonction (description inad\u00e9quate, texte trop g\u00e9n\u00e9rique, titre inad\u00e9quat, etc.) [exigence num\u00e9ro 9.2.4.4 Objectif des liens, de UNE-EN 301549:2022].<\/p><p>Certains en-t\u00eates contiennent du texte r\u00e9p\u00e9t\u00e9 et\/ou peu descriptif [exigence num\u00e9ro 9.2.4.6 En-t\u00eates et \u00e9tiquettes, de UNE-EN 301549:2022].<\/p><p>Certaines images, infographies, textes de liens ou de boutons, textes de titres et contenus ne sont pas traduits dans d&rsquo;autres langues [exigence num\u00e9ro 9.3.1.2 Langue des parties, de UNE-EN 301549:2022].<\/p><p>Sur certaines pages, la m\u00eame ic\u00f4ne est utilis\u00e9e \u00e0 des fins diff\u00e9rentes, ce qui cr\u00e9e une confusion [exigence num\u00e9ro 9.3.2.4 Identification coh\u00e9rente, de UNE-EN 301549:2022].<\/p><p>Certains messages d&rsquo;erreur sont peu descriptifs, ou les messages d&rsquo;erreur ne sont pas regroup\u00e9s dans un seul message, et il manque des suggestions dans le formulaire pour remplir correctement les champs [exigence num\u00e9ro 9.3.3.1 Identification des erreurs, de UNE-EN 301549:2022].<\/p><p>Certains formulaires contiennent des champs obligatoires o\u00f9 l&rsquo;utilisateur n&rsquo;est pas inform\u00e9, ainsi que des champs o\u00f9 il manque un exemple textuel du format du champ (comme par exemple le num\u00e9ro de carte d&rsquo;identit\u00e9) [exigence num\u00e9ro 9.3.3.2 \u00c9tiquettes et instructions, de UNE-EN 301549:2022].<\/p><p>Certains champs de formulaire signalent l&rsquo;erreur lorsqu&rsquo;une valeur incorrecte est saisie, mais ne proposent pas de suggestion de correction. [exigence num\u00e9ro 9.3.3.3 Suggestions en cas d&rsquo;erreur, de UNE-EN 301549:2022]. <\/p><p>Certaines pages contiennent des erreurs de syntaxe et, par cons\u00e9quent, certains produits de support peuvent ne pas interpr\u00e9ter correctement le contenu (ID de page en double, balises non ferm\u00e9es, construction incorrecte des balises, etc.). [exigence num\u00e9ro 9.4.1.1 Traitement, de UNE-EN 301549:2022]. <\/p><p>Sur certaines pages, les produits de support ne pourront pas obtenir d&rsquo;informations, interagir et \u00eatre au courant de l&rsquo;\u00e9tat des contr\u00f4les de l&rsquo;interface utilisateur, tels que les messages d&rsquo;aide, les messages d&rsquo;\u00e9tat du r\u00e9sultat des actions, les attributs des liens, l&rsquo;image de la langue de la page, etc., qui ne pourront pas \u00eatre lus par les lecteurs d&rsquo;\u00e9cran au moment o\u00f9 ils apparaissent [exigence num\u00e9ro 9.4.1.2 Nom, fonction, valeur de UNE-EN 301549:2022].<\/p><p>Il pourrait y avoir des erreurs de modification ponctuelles sur certaines pages web.<\/p><p>2. Charge disproportionn\u00e9e.<\/p><p>Sans objet.<\/p><p>3. Le contenu ne rel\u00e8ve pas du champ d&rsquo;application de la l\u00e9gislation applicable.<\/p><p>Il pourrait exister des fichiers bureautiques au format PDF ou autres formats publi\u00e9s avant le 20 septembre 2018 qui ne r\u00e9pondent pas enti\u00e8rement \u00e0 toutes les exigences d&rsquo;accessibilit\u00e9. Bien que l&rsquo;on ait veill\u00e9 \u00e0 ce que la plupart d&rsquo;entre eux les respectent. <\/p>\t\t\t\t\t\t\t\t<\/div>\n\t\t\t\t<\/div>\n\t\t\t\t\t<\/div>\n\t\t\t\t<\/div>\n\t\t<div class=\"elementor-element elementor-element-298d7f3 e-flex e-con-boxed e-con e-parent\" data-id=\"298d7f3\" data-element_type=\"container\">\n\t\t\t\t\t<div class=\"e-con-inner\">\n\t\t\t\t<div class=\"elementor-element elementor-element-2815b95 elementor-widget elementor-widget-heading\" data-id=\"2815b95\" data-element_type=\"widget\" data-widget_type=\"heading.default\">\n\t\t\t\t<div class=\"elementor-widget-container\">\n\t\t\t\t\t<h2 class=\"elementor-heading-title elementor-size-default\">Pr\u00e9paration de cette d\u00e9claration d'accessibilit\u00e9<\/h2>\t\t\t\t<\/div>\n\t\t\t\t<\/div>\n\t\t\t\t<div class=\"elementor-element elementor-element-986db17 elementor-widget elementor-widget-text-editor\" data-id=\"986db17\" data-element_type=\"widget\" data-widget_type=\"text-editor.default\">\n\t\t\t\t<div class=\"elementor-widget-container\">\n\t\t\t\t\t\t\t\t\t<p>Cette d\u00e9claration a \u00e9t\u00e9 pr\u00e9par\u00e9e le 05\/01\/2025.<\/p><p>La m\u00e9thode employ\u00e9e pour pr\u00e9parer la d\u00e9claration a \u00e9t\u00e9 une auto-\u00e9valuation r\u00e9alis\u00e9e par l&rsquo;entit\u00e9 elle-m\u00eame.<\/p><p>Derni\u00e8re r\u00e9vision de la d\u00e9claration : 05\/01\/2025.<\/p>\t\t\t\t\t\t\t\t<\/div>\n\t\t\t\t<\/div>\n\t\t\t\t\t<\/div>\n\t\t\t\t<\/div>\n\t\t<div class=\"elementor-element elementor-element-52bd8ba e-flex e-con-boxed e-con e-parent\" data-id=\"52bd8ba\" data-element_type=\"container\">\n\t\t\t\t\t<div class=\"e-con-inner\">\n\t\t\t\t<div class=\"elementor-element elementor-element-811b9b9 elementor-widget elementor-widget-heading\" data-id=\"811b9b9\" data-element_type=\"widget\" data-widget_type=\"heading.default\">\n\t\t\t\t<div class=\"elementor-widget-container\">\n\t\t\t\t\t<h2 class=\"elementor-heading-title elementor-size-default\">Observations et coordonn\u00e9es<\/h2>\t\t\t\t<\/div>\n\t\t\t\t<\/div>\n\t\t\t\t<div class=\"elementor-element elementor-element-5845971 elementor-widget elementor-widget-text-editor\" data-id=\"5845971\" data-element_type=\"widget\" data-widget_type=\"text-editor.default\">\n\t\t\t\t<div class=\"elementor-widget-container\">\n\t\t\t\t\t\t\t\t\t<p>Vous pouvez faire part de vos observations sur les exigences d&rsquo;accessibilit\u00e9 (article 10.2.a) du RD 1112\/2018), par exemple :<\/p><p>Signaler tout manquement \u00e9ventuel de ce site web.<br>Transmettre d&rsquo;autres difficult\u00e9s d&rsquo;acc\u00e8s au contenu.<br>Formuler toute autre question ou suggestion d&rsquo;am\u00e9lioration concernant l&rsquo;accessibilit\u00e9 du site web.<\/p><p>Vous pouvez pr\u00e9senter les \u00e9l\u00e9ments suivants via le formulaire de contact :<\/p><p>Une plainte relative au respect des exigences du RD 1112\/2018.<br>Une demande d&rsquo;informations accessibles concernant :<br>Les contenus exclus du champ d&rsquo;application du RD 1112\/2018 conform\u00e9ment aux dispositions de l&rsquo;article 3, paragraphe 4.<br>Les contenus exempt\u00e9s du respect des exigences d&rsquo;accessibilit\u00e9 pour imposer une charge disproportionn\u00e9e.<\/p><p>Dans la demande d&rsquo;informations accessibles, les faits, les raisons et la demande qui permettent de constater qu&rsquo;il s&rsquo;agit d&rsquo;une demande raisonnable et l\u00e9gitime doivent \u00eatre pr\u00e9cis\u00e9s tr\u00e8s clairement.<\/p>\t\t\t\t\t\t\t\t<\/div>\n\t\t\t\t<\/div>\n\t\t\t\t\t<\/div>\n\t\t\t\t<\/div>\n\t\t<div class=\"elementor-element elementor-element-3fc5cd1 e-flex e-con-boxed e-con e-parent\" data-id=\"3fc5cd1\" data-element_type=\"container\">\n\t\t\t\t\t<div class=\"e-con-inner\">\n\t\t\t\t<div class=\"elementor-element elementor-element-ab87ff5 elementor-widget elementor-widget-heading\" data-id=\"ab87ff5\" data-element_type=\"widget\" data-widget_type=\"heading.default\">\n\t\t\t\t<div class=\"elementor-widget-container\">\n\t\t\t\t\t<h2 class=\"elementor-heading-title elementor-size-default\">Contenu optionnel<\/h2>\t\t\t\t<\/div>\n\t\t\t\t<\/div>\n\t\t\t\t<div class=\"elementor-element elementor-element-088133e elementor-widget elementor-widget-text-editor\" data-id=\"088133e\" data-element_type=\"widget\" data-widget_type=\"text-editor.default\">\n\t\t\t\t<div class=\"elementor-widget-container\">\n\t\t\t\t\t\t\t\t\t<p>Ce site web applique les exigences de la norme UNE-EN 301549:2022 en tenant compte des exceptions du RD 1112\/2018.<\/p><p>La derni\u00e8re r\u00e9vision de l&rsquo;accessibilit\u00e9 a \u00e9t\u00e9 effectu\u00e9e le 05\/01\/2025.<\/p><p>Le site web est optimis\u00e9 pour les navigateurs Microsoft Internet Explorer 8.0 ou versions sup\u00e9rieures et les derni\u00e8res versions en vigueur de FireFox, Safari, Opera et Google Chrome.<\/p><p>Le site web est con\u00e7u pour un affichage Responsive, il s&rsquo;affiche donc de mani\u00e8re optimale sur les tablettes et les t\u00e9l\u00e9phones portables. Sur ces appareils, il est optimis\u00e9 pour un affichage dans les derni\u00e8res versions en vigueur de Chrome for mobile Safari mobile, Opera Mini et le navigateur natif d&rsquo;Android. <\/p>\t\t\t\t\t\t\t\t<\/div>\n\t\t\t\t<\/div>\n\t\t\t\t\t<\/div>\n\t\t\t\t<\/div>\n\t\t\t\t<\/div>\n\t\t","protected":false},"excerpt":{"rendered":"<p>D\u00e9claration d&rsquo;accessibilit\u00e9 Introduction MARIA ESTHER ARGERICH RAMELLS s&rsquo;est engag\u00e9e \u00e0 rendre son site web accessible conform\u00e9ment au d\u00e9cret royal 1112\/2018 du 7 septembre sur l&rsquo;accessibilit\u00e9 des sites web et des applications pour appareils mobiles du secteur public. Cette d\u00e9claration d&rsquo;accessibilit\u00e9 s&rsquo;applique au site web www.casalluert.com. Situation de conformit\u00e9 Ce site web est partiellement conforme au<\/p>\n","protected":false},"author":1,"featured_media":0,"parent":0,"menu_order":0,"comment_status":"closed","ping_status":"closed","template":"tpl-visual_composer.php","meta":{"_joinchat":[],"footnotes":""},"class_list":["post-2183","page","type-page","status-publish","hentry"],"yoast_head":"<!-- This site is optimized with the Yoast SEO plugin v27.2 - https:\/\/yoast.com\/product\/yoast-seo-wordpress\/ -->\n<title>D\u00e9claration d&#039;accessibilit\u00e9 - Casa Lluert<\/title>\n<meta name=\"robots\" content=\"index, follow, max-snippet:-1, max-image-preview:large, max-video-preview:-1\" \/>\n<link rel=\"canonical\" href=\"https:\/\/www.casalluert.com\/fr\/declaration-daccessibilite\/\" \/>\n<meta property=\"og:locale\" content=\"fr_FR\" \/>\n<meta property=\"og:type\" content=\"article\" \/>\n<meta property=\"og:title\" content=\"D\u00e9claration d&#039;accessibilit\u00e9 - Casa Lluert\" \/>\n<meta property=\"og:description\" content=\"D\u00e9claration d&rsquo;accessibilit\u00e9 Introduction MARIA ESTHER ARGERICH RAMELLS s&rsquo;est engag\u00e9e \u00e0 rendre son site web accessible conform\u00e9ment au d\u00e9cret royal 1112\/2018 du 7 septembre sur l&rsquo;accessibilit\u00e9 des sites web et des applications pour appareils mobiles du secteur public. Cette d\u00e9claration d&rsquo;accessibilit\u00e9 s&rsquo;applique au site web www.casalluert.com. Situation de conformit\u00e9 Ce site web est partiellement conforme au\" \/>\n<meta property=\"og:url\" content=\"https:\/\/www.casalluert.com\/fr\/declaration-daccessibilite\/\" \/>\n<meta property=\"og:site_name\" content=\"Casa Lluert\" \/>\n<meta property=\"article:modified_time\" content=\"2025-08-11T16:40:28+00:00\" \/>\n<meta name=\"twitter:card\" content=\"summary_large_image\" \/>\n<meta name=\"twitter:label1\" content=\"Dur\u00e9e de lecture estim\u00e9e\" \/>\n\t<meta name=\"twitter:data1\" content=\"5 minutes\" \/>\n<script type=\"application\/ld+json\" class=\"yoast-schema-graph\">{\"@context\":\"https:\/\/schema.org\",\"@graph\":[{\"@type\":\"WebPage\",\"@id\":\"https:\/\/www.casalluert.com\/fr\/declaration-daccessibilite\/\",\"url\":\"https:\/\/www.casalluert.com\/fr\/declaration-daccessibilite\/\",\"name\":\"D\u00e9claration d'accessibilit\u00e9 - Casa Lluert\",\"isPartOf\":{\"@id\":\"https:\/\/www.casalluert.com\/fr\/#website\"},\"datePublished\":\"2024-11-20T09:44:18+00:00\",\"dateModified\":\"2025-08-11T16:40:28+00:00\",\"breadcrumb\":{\"@id\":\"https:\/\/www.casalluert.com\/fr\/declaration-daccessibilite\/#breadcrumb\"},\"inLanguage\":\"fr-FR\",\"potentialAction\":[{\"@type\":\"ReadAction\",\"target\":[\"https:\/\/www.casalluert.com\/fr\/declaration-daccessibilite\/\"]}]},{\"@type\":\"BreadcrumbList\",\"@id\":\"https:\/\/www.casalluert.com\/fr\/declaration-daccessibilite\/#breadcrumb\",\"itemListElement\":[{\"@type\":\"ListItem\",\"position\":1,\"name\":\"Inici\",\"item\":\"https:\/\/www.casalluert.com\/fr\/debut\/\"},{\"@type\":\"ListItem\",\"position\":2,\"name\":\"D\u00e9claration d&#8217;accessibilit\u00e9\"}]},{\"@type\":\"WebSite\",\"@id\":\"https:\/\/www.casalluert.com\/fr\/#website\",\"url\":\"https:\/\/www.casalluert.com\/fr\/\",\"name\":\"Casa Lluert\",\"description\":\"Casa Rural a Avi\u00e0\",\"publisher\":{\"@id\":\"https:\/\/www.casalluert.com\/fr\/#organization\"},\"potentialAction\":[{\"@type\":\"SearchAction\",\"target\":{\"@type\":\"EntryPoint\",\"urlTemplate\":\"https:\/\/www.casalluert.com\/fr\/?s={search_term_string}\"},\"query-input\":{\"@type\":\"PropertyValueSpecification\",\"valueRequired\":true,\"valueName\":\"search_term_string\"}}],\"inLanguage\":\"fr-FR\"},{\"@type\":\"Organization\",\"@id\":\"https:\/\/www.casalluert.com\/fr\/#organization\",\"name\":\"Casa Lluert\",\"url\":\"https:\/\/www.casalluert.com\/fr\/\",\"logo\":{\"@type\":\"ImageObject\",\"inLanguage\":\"fr-FR\",\"@id\":\"https:\/\/www.casalluert.com\/fr\/#\/schema\/logo\/image\/\",\"url\":\"https:\/\/www.casalluert.com\/wp-content\/uploads\/2024\/11\/img-logo-casa-lluert-2024-1.png\",\"contentUrl\":\"https:\/\/www.casalluert.com\/wp-content\/uploads\/2024\/11\/img-logo-casa-lluert-2024-1.png\",\"width\":200,\"height\":100,\"caption\":\"Casa Lluert\"},\"image\":{\"@id\":\"https:\/\/www.casalluert.com\/fr\/#\/schema\/logo\/image\/\"}}]}<\/script>\n<!-- \/ Yoast SEO plugin. -->","yoast_head_json":{"title":"D\u00e9claration d'accessibilit\u00e9 - Casa Lluert","robots":{"index":"index","follow":"follow","max-snippet":"max-snippet:-1","max-image-preview":"max-image-preview:large","max-video-preview":"max-video-preview:-1"},"canonical":"https:\/\/www.casalluert.com\/fr\/declaration-daccessibilite\/","og_locale":"fr_FR","og_type":"article","og_title":"D\u00e9claration d'accessibilit\u00e9 - Casa Lluert","og_description":"D\u00e9claration d&rsquo;accessibilit\u00e9 Introduction MARIA ESTHER ARGERICH RAMELLS s&rsquo;est engag\u00e9e \u00e0 rendre son site web accessible conform\u00e9ment au d\u00e9cret royal 1112\/2018 du 7 septembre sur l&rsquo;accessibilit\u00e9 des sites web et des applications pour appareils mobiles du secteur public. Cette d\u00e9claration d&rsquo;accessibilit\u00e9 s&rsquo;applique au site web www.casalluert.com. Situation de conformit\u00e9 Ce site web est partiellement conforme au","og_url":"https:\/\/www.casalluert.com\/fr\/declaration-daccessibilite\/","og_site_name":"Casa Lluert","article_modified_time":"2025-08-11T16:40:28+00:00","twitter_card":"summary_large_image","twitter_misc":{"Dur\u00e9e de lecture estim\u00e9e":"5 minutes"},"schema":{"@context":"https:\/\/schema.org","@graph":[{"@type":"WebPage","@id":"https:\/\/www.casalluert.com\/fr\/declaration-daccessibilite\/","url":"https:\/\/www.casalluert.com\/fr\/declaration-daccessibilite\/","name":"D\u00e9claration d'accessibilit\u00e9 - Casa Lluert","isPartOf":{"@id":"https:\/\/www.casalluert.com\/fr\/#website"},"datePublished":"2024-11-20T09:44:18+00:00","dateModified":"2025-08-11T16:40:28+00:00","breadcrumb":{"@id":"https:\/\/www.casalluert.com\/fr\/declaration-daccessibilite\/#breadcrumb"},"inLanguage":"fr-FR","potentialAction":[{"@type":"ReadAction","target":["https:\/\/www.casalluert.com\/fr\/declaration-daccessibilite\/"]}]},{"@type":"BreadcrumbList","@id":"https:\/\/www.casalluert.com\/fr\/declaration-daccessibilite\/#breadcrumb","itemListElement":[{"@type":"ListItem","position":1,"name":"Inici","item":"https:\/\/www.casalluert.com\/fr\/debut\/"},{"@type":"ListItem","position":2,"name":"D\u00e9claration d&#8217;accessibilit\u00e9"}]},{"@type":"WebSite","@id":"https:\/\/www.casalluert.com\/fr\/#website","url":"https:\/\/www.casalluert.com\/fr\/","name":"Casa Lluert","description":"Casa Rural a Avi\u00e0","publisher":{"@id":"https:\/\/www.casalluert.com\/fr\/#organization"},"potentialAction":[{"@type":"SearchAction","target":{"@type":"EntryPoint","urlTemplate":"https:\/\/www.casalluert.com\/fr\/?s={search_term_string}"},"query-input":{"@type":"PropertyValueSpecification","valueRequired":true,"valueName":"search_term_string"}}],"inLanguage":"fr-FR"},{"@type":"Organization","@id":"https:\/\/www.casalluert.com\/fr\/#organization","name":"Casa Lluert","url":"https:\/\/www.casalluert.com\/fr\/","logo":{"@type":"ImageObject","inLanguage":"fr-FR","@id":"https:\/\/www.casalluert.com\/fr\/#\/schema\/logo\/image\/","url":"https:\/\/www.casalluert.com\/wp-content\/uploads\/2024\/11\/img-logo-casa-lluert-2024-1.png","contentUrl":"https:\/\/www.casalluert.com\/wp-content\/uploads\/2024\/11\/img-logo-casa-lluert-2024-1.png","width":200,"height":100,"caption":"Casa Lluert"},"image":{"@id":"https:\/\/www.casalluert.com\/fr\/#\/schema\/logo\/image\/"}}]}},"_links":{"self":[{"href":"https:\/\/www.casalluert.com\/fr\/wp-json\/wp\/v2\/pages\/2183","targetHints":{"allow":["GET"]}}],"collection":[{"href":"https:\/\/www.casalluert.com\/fr\/wp-json\/wp\/v2\/pages"}],"about":[{"href":"https:\/\/www.casalluert.com\/fr\/wp-json\/wp\/v2\/types\/page"}],"author":[{"embeddable":true,"href":"https:\/\/www.casalluert.com\/fr\/wp-json\/wp\/v2\/users\/1"}],"replies":[{"embeddable":true,"href":"https:\/\/www.casalluert.com\/fr\/wp-json\/wp\/v2\/comments?post=2183"}],"version-history":[{"count":1,"href":"https:\/\/www.casalluert.com\/fr\/wp-json\/wp\/v2\/pages\/2183\/revisions"}],"predecessor-version":[{"id":2184,"href":"https:\/\/www.casalluert.com\/fr\/wp-json\/wp\/v2\/pages\/2183\/revisions\/2184"}],"wp:attachment":[{"href":"https:\/\/www.casalluert.com\/fr\/wp-json\/wp\/v2\/media?parent=2183"}],"curies":[{"name":"wp","href":"https:\/\/api.w.org\/{rel}","templated":true}]}}