{"id":2181,"date":"2024-11-15T16:56:31","date_gmt":"2024-11-15T15:56:31","guid":{"rendered":"https:\/\/www.casalluert.com\/reservations-contact\/"},"modified":"2025-08-11T17:40:28","modified_gmt":"2025-08-11T16:40:28","slug":"reservations-contact","status":"publish","type":"page","link":"https:\/\/www.casalluert.com\/fr\/reservations-contact\/","title":{"rendered":"R\u00e9servations \/ Contact"},"content":{"rendered":"\t\t<div data-elementor-type=\"wp-page\" data-elementor-id=\"2181\" class=\"elementor elementor-2181 elementor-523\" data-elementor-post-type=\"page\">\n\t\t\t\t<div class=\"elementor-element elementor-element-5cea401a e-con-full e-flex e-con e-parent\" data-id=\"5cea401a\" data-element_type=\"container\">\n\t\t<div class=\"elementor-element elementor-element-53640c16 e-con-full e-flex e-con e-child\" data-id=\"53640c16\" data-element_type=\"container\" data-settings=\"{&quot;background_background&quot;:&quot;classic&quot;}\">\n\t\t\t\t<div class=\"elementor-element elementor-element-27a28a2 elementor-widget__width-initial elementor-widget elementor-widget-heading\" data-id=\"27a28a2\" data-element_type=\"widget\" data-widget_type=\"heading.default\">\n\t\t\t\t<div class=\"elementor-widget-container\">\n\t\t\t\t\t<h2 class=\"elementor-heading-title elementor-size-default\">V\u00e9rifier la disponibilit\u00e9<\/h2>\t\t\t\t<\/div>\n\t\t\t\t<\/div>\n\t\t\t\t<div class=\"elementor-element elementor-element-fbb40e2 elementor-widget-divider--view-line elementor-widget elementor-widget-divider\" data-id=\"fbb40e2\" data-element_type=\"widget\" data-widget_type=\"divider.default\">\n\t\t\t\t<div class=\"elementor-widget-container\">\n\t\t\t\t\t\t\t<div class=\"elementor-divider\">\n\t\t\t<span class=\"elementor-divider-separator\">\n\t\t\t\t\t\t<\/span>\n\t\t<\/div>\n\t\t\t\t\t\t<\/div>\n\t\t\t\t<\/div>\n\t\t\t\t<div class=\"elementor-element elementor-element-38669f14 elementor-widget elementor-widget-text-editor\" data-id=\"38669f14\" data-element_type=\"widget\" data-widget_type=\"text-editor.default\">\n\t\t\t\t<div class=\"elementor-widget-container\">\n\t\t\t\t\t\t\t\t\t<p>Dites-nous ce dont vous avez besoin et nous vous contacterons d\u00e8s que possible. Votre prochain s\u00e9jour est \u00e0 port\u00e9e de main&nbsp;! <\/p>\t\t\t\t\t\t\t\t<\/div>\n\t\t\t\t<\/div>\n\t\t\t\t<div class=\"elementor-element elementor-element-473a90d7 elementor-button-align-center elementor-widget elementor-widget-form\" data-id=\"473a90d7\" data-element_type=\"widget\" data-settings=\"{&quot;step_next_label&quot;:&quot;Suivant&quot;,&quot;step_previous_label&quot;:&quot;Pr\\u00e9c\\u00e9dent&quot;,&quot;button_width_tablet&quot;:&quot;100&quot;,&quot;button_width&quot;:&quot;100&quot;,&quot;step_type&quot;:&quot;number_text&quot;,&quot;step_icon_shape&quot;:&quot;circle&quot;}\" data-widget_type=\"form.default\">\n\t\t\t\t<div class=\"elementor-widget-container\">\n\t\t\t\t\t\t\t<form class=\"elementor-form\" method=\"post\" name=\"Formulaire de contact\">\n\t\t\t<input type=\"hidden\" name=\"post_id\" value=\"2181\"\/>\n\t\t\t<input type=\"hidden\" name=\"form_id\" value=\"473a90d7\"\/>\n\t\t\t<input type=\"hidden\" name=\"referer_title\" value=\"R\u00e9servations \/ Contact - Casa Lluert\" \/>\n\n\t\t\t\t\t\t\t<input type=\"hidden\" name=\"queried_id\" value=\"2181\"\/>\n\t\t\t\n\t\t\t<div class=\"elementor-form-fields-wrapper elementor-labels-above\">\n\t\t\t\t\t\t\t\t<div class=\"elementor-field-type-text elementor-field-group elementor-column elementor-field-group-name elementor-col-50 elementor-field-required elementor-mark-required\">\n\t\t\t\t\t\t\t\t\t\t\t\t<label for=\"form-field-name\" class=\"elementor-field-label\">\n\t\t\t\t\t\t\t\tVotre nom\t\t\t\t\t\t\t<\/label>\n\t\t\t\t\t\t\t\t\t\t\t\t\t\t<input size=\"1\" type=\"text\" name=\"form_fields[name]\" id=\"form-field-name\" class=\"elementor-field elementor-size-md  elementor-field-textual\" required=\"required\" aria-required=\"true\">\n\t\t\t\t\t\t\t\t\t\t\t<\/div>\n\t\t\t\t\t\t\t\t<div class=\"elementor-field-type-email elementor-field-group elementor-column elementor-field-group-email elementor-col-50 elementor-md-50 elementor-field-required elementor-mark-required\">\n\t\t\t\t\t\t\t\t\t\t\t\t<label for=\"form-field-email\" class=\"elementor-field-label\">\n\t\t\t\t\t\t\t\tVotre email\t\t\t\t\t\t\t<\/label>\n\t\t\t\t\t\t\t\t\t\t\t\t\t\t<input size=\"1\" type=\"email\" name=\"form_fields[email]\" id=\"form-field-email\" class=\"elementor-field elementor-size-md  elementor-field-textual\" required=\"required\" aria-required=\"true\">\n\t\t\t\t\t\t\t\t\t\t\t<\/div>\n\t\t\t\t\t\t\t\t<div class=\"elementor-field-type-tel elementor-field-group elementor-column elementor-field-group-field_5057311 elementor-col-50 elementor-md-50 elementor-field-required elementor-mark-required\">\n\t\t\t\t\t\t\t\t\t\t\t\t<label for=\"form-field-field_5057311\" class=\"elementor-field-label\">\n\t\t\t\t\t\t\t\tVotre t\u00e9l\u00e9phone\t\t\t\t\t\t\t<\/label>\n\t\t\t\t\t\t\t\t<input size=\"1\" type=\"tel\" name=\"form_fields[field_5057311]\" id=\"form-field-field_5057311\" class=\"elementor-field elementor-size-md  elementor-field-textual\" required=\"required\" aria-required=\"true\" pattern=\"[0-9()#&amp;+*-=.]+\" title=\"Seuls les caract\u00e8res de num\u00e9ros de t\u00e9l\u00e9phone (#, -, *, etc.) sont accept\u00e9s.\">\n\n\t\t\t\t\t\t<\/div>\n\t\t\t\t\t\t\t\t<div class=\"elementor-field-type-select elementor-field-group elementor-column elementor-field-group-field_fa0f6aa elementor-col-50 elementor-md-50 elementor-field-required elementor-mark-required\">\n\t\t\t\t\t\t\t\t\t\t\t\t<label for=\"form-field-field_fa0f6aa\" class=\"elementor-field-label\">\n\t\t\t\t\t\t\t\tAurez-vous des animaux de compagnie&nbsp;?\t\t\t\t\t\t\t<\/label>\n\t\t\t\t\t\t\t\t<div class=\"elementor-field elementor-select-wrapper remove-before \">\n\t\t\t<div class=\"select-caret-down-wrapper\">\n\t\t\t\t<svg aria-hidden=\"true\" class=\"e-font-icon-svg e-eicon-caret-down\" viewBox=\"0 0 571.4 571.4\" xmlns=\"http:\/\/www.w3.org\/2000\/svg\"><path d=\"M571 393Q571 407 561 418L311 668Q300 679 286 679T261 668L11 418Q0 407 0 393T11 368 36 357H536Q550 357 561 368T571 393Z\"><\/path><\/svg>\t\t\t<\/div>\n\t\t\t<select name=\"form_fields[field_fa0f6aa]\" id=\"form-field-field_fa0f6aa\" class=\"elementor-field-textual elementor-size-md\" required=\"required\" aria-required=\"true\">\n\t\t\t\t\t\t\t\t\t<option value=\"Non\">Non<\/option>\n\t\t\t\t\t\t\t\t\t<option value=\"Oui, 1 animal de compagnie\">Oui, 1 animal de compagnie<\/option>\n\t\t\t\t\t\t\t\t\t<option value=\"Oui, 2 animaux de compagnie\">Oui, 2 animaux de compagnie<\/option>\n\t\t\t\t\t\t\t\t\t<option value=\"Oui, 3 animaux de compagnie\">Oui, 3 animaux de compagnie<\/option>\n\t\t\t\t\t\t\t<\/select>\n\t\t<\/div>\n\t\t\t\t\t\t<\/div>\n\t\t\t\t\t\t\t\t<div class=\"elementor-field-type-number elementor-field-group elementor-column elementor-field-group-field_482131e elementor-col-50 elementor-md-50 elementor-field-required elementor-mark-required\">\n\t\t\t\t\t\t\t\t\t\t\t\t<label for=\"form-field-field_482131e\" class=\"elementor-field-label\">\n\t\t\t\t\t\t\t\tCombien d'adultes \u00eates-vous&nbsp;?\t\t\t\t\t\t\t<\/label>\n\t\t\t\t\t\t\t\t\t<input type=\"number\" name=\"form_fields[field_482131e]\" id=\"form-field-field_482131e\" class=\"elementor-field elementor-size-md  elementor-field-textual\" required=\"required\" aria-required=\"true\" min=\"1\" max=\"18\" >\n\t\t\t\t\t\t<\/div>\n\t\t\t\t\t\t\t\t<div class=\"elementor-field-type-number elementor-field-group elementor-column elementor-field-group-field_7f93454 elementor-col-50 elementor-md-50 elementor-field-required elementor-mark-required\">\n\t\t\t\t\t\t\t\t\t\t\t\t<label for=\"form-field-field_7f93454\" class=\"elementor-field-label\">\n\t\t\t\t\t\t\t\tEt des mineurs&nbsp;?\t\t\t\t\t\t\t<\/label>\n\t\t\t\t\t\t\t\t\t<input type=\"number\" name=\"form_fields[field_7f93454]\" id=\"form-field-field_7f93454\" class=\"elementor-field elementor-size-md  elementor-field-textual\" required=\"required\" aria-required=\"true\" min=\"0\" max=\"18\" >\n\t\t\t\t\t\t<\/div>\n\t\t\t\t\t\t\t\t<div class=\"elementor-field-type-date elementor-field-group elementor-column elementor-field-group-field_dddcf78 elementor-col-50 elementor-field-required elementor-mark-required\">\n\t\t\t\t\t\t\t\t\t\t\t\t<label for=\"form-field-field_dddcf78\" class=\"elementor-field-label\">\n\t\t\t\t\t\t\t\tDate d'arriv\u00e9e\t\t\t\t\t\t\t<\/label>\n\t\t\t\t\t\t\n\t\t<input type=\"date\" name=\"form_fields[field_dddcf78]\" id=\"form-field-field_dddcf78\" class=\"elementor-field elementor-size-md  elementor-field-textual elementor-date-field elementor-use-native\" required=\"required\" aria-required=\"true\" pattern=\"[0-9]{4}-[0-9]{2}-[0-9]{2}\">\n\t\t\t\t\t\t<\/div>\n\t\t\t\t\t\t\t\t<div class=\"elementor-field-type-date elementor-field-group elementor-column elementor-field-group-field_999f28f elementor-col-50 elementor-field-required elementor-mark-required\">\n\t\t\t\t\t\t\t\t\t\t\t\t<label for=\"form-field-field_999f28f\" class=\"elementor-field-label\">\n\t\t\t\t\t\t\t\tDate de d\u00e9part\t\t\t\t\t\t\t<\/label>\n\t\t\t\t\t\t\n\t\t<input type=\"date\" name=\"form_fields[field_999f28f]\" id=\"form-field-field_999f28f\" class=\"elementor-field elementor-size-md  elementor-field-textual elementor-date-field elementor-use-native\" required=\"required\" aria-required=\"true\" pattern=\"[0-9]{4}-[0-9]{2}-[0-9]{2}\">\n\t\t\t\t\t\t<\/div>\n\t\t\t\t\t\t\t\t<div class=\"elementor-field-type-textarea elementor-field-group elementor-column elementor-field-group-field_71766c7 elementor-col-100\">\n\t\t\t\t\t\t\t\t\t\t\t\t<label for=\"form-field-field_71766c7\" class=\"elementor-field-label\">\n\t\t\t\t\t\t\t\tMessage (facultatif)\t\t\t\t\t\t\t<\/label>\n\t\t\t\t\t\t<textarea class=\"elementor-field-textual elementor-field  elementor-size-md\" name=\"form_fields[field_71766c7]\" id=\"form-field-field_71766c7\" rows=\"4\"><\/textarea>\t\t\t\t<\/div>\n\t\t\t\t\t\t\t\t<div class=\"elementor-field-type-acceptance elementor-field-group elementor-column elementor-field-group-field_33576d4 elementor-col-100 elementor-field-required elementor-mark-required\">\n\t\t\t\t\t\t\t<div class=\"elementor-field-subgroup\">\n\t\t\t<span class=\"elementor-field-option\">\n\t\t\t\t<input type=\"checkbox\" name=\"form_fields[field_33576d4]\" id=\"form-field-field_33576d4\" class=\"elementor-field elementor-size-md  elementor-acceptance-field\" required=\"required\" aria-required=\"true\">\n\t\t\t\t<label for=\"form-field-field_33576d4\"><span style=\"font-size:15px;\">  J'ai lu et j'accepte les <a href=\"https:\/\/www.casalluert.com\/aviso-legal\/\">Mentions l\u00e9gales<\/a>, les <a href=\"https:\/\/www.casalluert.com\/fr\/conditions-de-location\/\">Conditions g\u00e9n\u00e9rales de vente<\/a>, la <a href=\"https:\/\/www.casalluert.com\/fr\/politique-de-confidentialite\/\">Politique de confidentialit\u00e9<\/a> et j'autorise le traitement de mes donn\u00e9es conform\u00e9ment \u00e0 la r\u00e9glementation en vigueur.<\/span><\/label>\t\t\t<\/span>\n\t\t<\/div>\n\t\t\t\t\t\t<\/div>\n\t\t\t\t\t\t\t\t<div class=\"elementor-field-group elementor-column elementor-field-type-submit elementor-col-100 e-form__buttons elementor-md-100\">\n\t\t\t\t\t<button class=\"elementor-button elementor-size-md\" type=\"submit\">\n\t\t\t\t\t\t<span class=\"elementor-button-content-wrapper\">\n\t\t\t\t\t\t\t\t\t\t\t\t\t\t\t\t\t\t\t\t\t\t<span class=\"elementor-button-text\">Consulter<\/span>\n\t\t\t\t\t\t\t\t\t\t\t\t\t<\/span>\n\t\t\t\t\t<\/button>\n\t\t\t\t<\/div>\n\t\t\t<\/div>\n\t\t<\/form>\n\t\t\t\t\t\t<\/div>\n\t\t\t\t<\/div>\n\t\t\t\t<\/div>\n\t\t\t\t<\/div>\n\t\t<div class=\"elementor-element elementor-element-536aaba e-con-full e-flex e-con e-parent\" data-id=\"536aaba\" data-element_type=\"container\">\n\t\t<div class=\"elementor-element elementor-element-b715c8b e-con-full e-flex e-con e-child\" data-id=\"b715c8b\" data-element_type=\"container\">\n\t\t\t\t<div class=\"elementor-element elementor-element-4e06840 elementor-widget elementor-widget-google_maps\" data-id=\"4e06840\" data-element_type=\"widget\" data-widget_type=\"google_maps.default\">\n\t\t\t\t<div class=\"elementor-widget-container\">\n\t\t\t\t\t\t\t<div class=\"elementor-custom-embed\">\n\t\t\t<iframe loading=\"lazy\"\n\t\t\t\t\tsrc=\"https:\/\/maps.google.com\/maps?q=Casa%20Lluert%20de%20Clar%C3%A0%2C%20s%2Fn%20%7C%2008610%20Avi%C3%A0%2C%20Barcelona&#038;t=m&#038;z=15&#038;output=embed&#038;iwloc=near\"\n\t\t\t\t\ttitle=\"Casa Lluert de Clar\u00e0, s\/n | 08610 Avi\u00e0, Barcelona\"\n\t\t\t\t\taria-label=\"Casa Lluert de Clar\u00e0, s\/n | 08610 Avi\u00e0, Barcelona\"\n\t\t\t><\/iframe>\n\t\t<\/div>\n\t\t\t\t\t\t<\/div>\n\t\t\t\t<\/div>\n\t\t\t\t<\/div>\n\t\t<div class=\"elementor-element elementor-element-996e231 e-con-full e-flex e-con e-child\" data-id=\"996e231\" data-element_type=\"container\">\n\t\t<div class=\"elementor-element elementor-element-8360fa7 e-con-full e-flex e-con e-child\" data-id=\"8360fa7\" data-element_type=\"container\">\n\t\t\t\t<div class=\"elementor-element elementor-element-699481c elementor-widget elementor-widget-heading\" data-id=\"699481c\" data-element_type=\"widget\" data-widget_type=\"heading.default\">\n\t\t\t\t<div class=\"elementor-widget-container\">\n\t\t\t\t\t<h1 class=\"elementor-heading-title elementor-size-default\">Comment se rendre \u00e0 <span style=\"color:#dd9d3e\"><b>Casa Lluert<\/b><\/span>&nbsp;?<\/h1>\t\t\t\t<\/div>\n\t\t\t\t<\/div>\n\t\t\t\t<div class=\"elementor-element elementor-element-1ac69b7 elementor-widget elementor-widget-heading\" data-id=\"1ac69b7\" data-element_type=\"widget\" data-widget_type=\"heading.default\">\n\t\t\t\t<div class=\"elementor-widget-container\">\n\t\t\t\t\t<h2 class=\"elementor-heading-title elementor-size-default\">Vous arriverez vite, mais vous ne voudrez plus repartir.<\/h2>\t\t\t\t<\/div>\n\t\t\t\t<\/div>\n\t\t\t\t<div class=\"elementor-element elementor-element-b94270b elementor-widget-divider--view-line elementor-widget elementor-widget-divider\" data-id=\"b94270b\" data-element_type=\"widget\" data-widget_type=\"divider.default\">\n\t\t\t\t<div class=\"elementor-widget-container\">\n\t\t\t\t\t\t\t<div class=\"elementor-divider\">\n\t\t\t<span class=\"elementor-divider-separator\">\n\t\t\t\t\t\t<\/span>\n\t\t<\/div>\n\t\t\t\t\t\t<\/div>\n\t\t\t\t<\/div>\n\t\t\t\t<div class=\"elementor-element elementor-element-61fdba1 elementor-widget elementor-widget-text-editor\" data-id=\"61fdba1\" data-element_type=\"widget\" data-widget_type=\"text-editor.default\">\n\t\t\t\t<div class=\"elementor-widget-container\">\n\t\t\t\t\t\t\t\t\t<p>Nous sommes \u00e0 Avi\u00e0, tout pr\u00e8s de Berga et de l&rsquo;autoroute C-16. Suivez simplement les indications et en quelques minutes, vous profiterez de ce coin unique. Nous vous attendons les portes ouvertes&nbsp;!  <\/p>\t\t\t\t\t\t\t\t<\/div>\n\t\t\t\t<\/div>\n\t\t\t\t<div class=\"elementor-element elementor-element-90f3194 elementor-headline--style-highlight elementor-widget elementor-widget-animated-headline\" data-id=\"90f3194\" data-element_type=\"widget\" data-settings=\"{&quot;marker&quot;:&quot;curly&quot;,&quot;highlighted_text&quot;:&quot;Nous vous attendons&nbsp;!&quot;,&quot;headline_style&quot;:&quot;highlight&quot;,&quot;loop&quot;:&quot;yes&quot;,&quot;highlight_animation_duration&quot;:1200,&quot;highlight_iteration_delay&quot;:8000}\" data-widget_type=\"animated-headline.default\">\n\t\t\t\t<div class=\"elementor-widget-container\">\n\t\t\t\t\t\t\t<h3 class=\"elementor-headline\">\n\t\t\t\t\t<span class=\"elementor-headline-plain-text elementor-headline-text-wrapper\">N'h\u00e9sitez plus<\/span>\n\t\t\t\t<span class=\"elementor-headline-dynamic-wrapper elementor-headline-text-wrapper\">\n\t\t\t\t\t<span class=\"elementor-headline-dynamic-text elementor-headline-text-active\">Nous vous attendons&nbsp;!<\/span>\n\t\t\t\t<\/span>\n\t\t\t\t<\/h3>\n\t\t\t\t\t\t<\/div>\n\t\t\t\t<\/div>\n\t\t\t\t<\/div>\n\t\t\t\t<\/div>\n\t\t\t\t<\/div>\n\t\t\t\t<\/div>\n\t\t","protected":false},"excerpt":{"rendered":"<p>V\u00e9rifier la disponibilit\u00e9 Dites-nous ce dont vous avez besoin et nous vous contacterons d\u00e8s que possible. Votre prochain s\u00e9jour est \u00e0 port\u00e9e de main&nbsp;! Comment se rendre \u00e0 Casa Lluert&nbsp;? Vous arriverez vite, mais vous ne voudrez plus repartir. Nous sommes \u00e0 Avi\u00e0, tout pr\u00e8s de Berga et de l&rsquo;autoroute C-16. Suivez simplement les indications<\/p>\n","protected":false},"author":1,"featured_media":0,"parent":0,"menu_order":0,"comment_status":"closed","ping_status":"closed","template":"tpl-visual_composer.php","meta":{"_joinchat":[],"footnotes":""},"class_list":["post-2181","page","type-page","status-publish","hentry"],"yoast_head":"<!-- This site is optimized with the Yoast SEO plugin v27.2 - https:\/\/yoast.com\/product\/yoast-seo-wordpress\/ -->\n<title>R\u00e9servations \/ Contact - Casa Lluert<\/title>\n<meta name=\"robots\" content=\"index, follow, max-snippet:-1, max-image-preview:large, max-video-preview:-1\" \/>\n<link rel=\"canonical\" href=\"https:\/\/www.casalluert.com\/fr\/reservations-contact\/\" \/>\n<meta property=\"og:locale\" content=\"fr_FR\" \/>\n<meta property=\"og:type\" content=\"article\" \/>\n<meta property=\"og:title\" content=\"R\u00e9servations \/ Contact - Casa Lluert\" \/>\n<meta property=\"og:description\" content=\"V\u00e9rifier la disponibilit\u00e9 Dites-nous ce dont vous avez besoin et nous vous contacterons d\u00e8s que possible. Votre prochain s\u00e9jour est \u00e0 port\u00e9e de main&nbsp;! Comment se rendre \u00e0 Casa Lluert&nbsp;? Vous arriverez vite, mais vous ne voudrez plus repartir. Nous sommes \u00e0 Avi\u00e0, tout pr\u00e8s de Berga et de l&rsquo;autoroute C-16. Suivez simplement les indications\" \/>\n<meta property=\"og:url\" content=\"https:\/\/www.casalluert.com\/fr\/reservations-contact\/\" \/>\n<meta property=\"og:site_name\" content=\"Casa Lluert\" \/>\n<meta property=\"article:modified_time\" content=\"2025-08-11T16:40:28+00:00\" \/>\n<meta name=\"twitter:card\" content=\"summary_large_image\" \/>\n<script type=\"application\/ld+json\" class=\"yoast-schema-graph\">{\"@context\":\"https:\/\/schema.org\",\"@graph\":[{\"@type\":\"WebPage\",\"@id\":\"https:\/\/www.casalluert.com\/fr\/reservations-contact\/\",\"url\":\"https:\/\/www.casalluert.com\/fr\/reservations-contact\/\",\"name\":\"R\u00e9servations \/ Contact - Casa Lluert\",\"isPartOf\":{\"@id\":\"https:\/\/www.casalluert.com\/fr\/#website\"},\"datePublished\":\"2024-11-15T15:56:31+00:00\",\"dateModified\":\"2025-08-11T16:40:28+00:00\",\"breadcrumb\":{\"@id\":\"https:\/\/www.casalluert.com\/fr\/reservations-contact\/#breadcrumb\"},\"inLanguage\":\"fr-FR\",\"potentialAction\":[{\"@type\":\"ReadAction\",\"target\":[\"https:\/\/www.casalluert.com\/fr\/reservations-contact\/\"]}]},{\"@type\":\"BreadcrumbList\",\"@id\":\"https:\/\/www.casalluert.com\/fr\/reservations-contact\/#breadcrumb\",\"itemListElement\":[{\"@type\":\"ListItem\",\"position\":1,\"name\":\"Inici\",\"item\":\"https:\/\/www.casalluert.com\/fr\/debut\/\"},{\"@type\":\"ListItem\",\"position\":2,\"name\":\"R\u00e9servations \/ Contact\"}]},{\"@type\":\"WebSite\",\"@id\":\"https:\/\/www.casalluert.com\/fr\/#website\",\"url\":\"https:\/\/www.casalluert.com\/fr\/\",\"name\":\"Casa Lluert\",\"description\":\"Casa Rural a Avi\u00e0\",\"publisher\":{\"@id\":\"https:\/\/www.casalluert.com\/fr\/#organization\"},\"potentialAction\":[{\"@type\":\"SearchAction\",\"target\":{\"@type\":\"EntryPoint\",\"urlTemplate\":\"https:\/\/www.casalluert.com\/fr\/?s={search_term_string}\"},\"query-input\":{\"@type\":\"PropertyValueSpecification\",\"valueRequired\":true,\"valueName\":\"search_term_string\"}}],\"inLanguage\":\"fr-FR\"},{\"@type\":\"Organization\",\"@id\":\"https:\/\/www.casalluert.com\/fr\/#organization\",\"name\":\"Casa Lluert\",\"url\":\"https:\/\/www.casalluert.com\/fr\/\",\"logo\":{\"@type\":\"ImageObject\",\"inLanguage\":\"fr-FR\",\"@id\":\"https:\/\/www.casalluert.com\/fr\/#\/schema\/logo\/image\/\",\"url\":\"https:\/\/www.casalluert.com\/wp-content\/uploads\/2024\/11\/img-logo-casa-lluert-2024-1.png\",\"contentUrl\":\"https:\/\/www.casalluert.com\/wp-content\/uploads\/2024\/11\/img-logo-casa-lluert-2024-1.png\",\"width\":200,\"height\":100,\"caption\":\"Casa Lluert\"},\"image\":{\"@id\":\"https:\/\/www.casalluert.com\/fr\/#\/schema\/logo\/image\/\"}}]}<\/script>\n<!-- \/ Yoast SEO plugin. -->","yoast_head_json":{"title":"R\u00e9servations \/ Contact - Casa Lluert","robots":{"index":"index","follow":"follow","max-snippet":"max-snippet:-1","max-image-preview":"max-image-preview:large","max-video-preview":"max-video-preview:-1"},"canonical":"https:\/\/www.casalluert.com\/fr\/reservations-contact\/","og_locale":"fr_FR","og_type":"article","og_title":"R\u00e9servations \/ Contact - Casa Lluert","og_description":"V\u00e9rifier la disponibilit\u00e9 Dites-nous ce dont vous avez besoin et nous vous contacterons d\u00e8s que possible. Votre prochain s\u00e9jour est \u00e0 port\u00e9e de main&nbsp;! Comment se rendre \u00e0 Casa Lluert&nbsp;? Vous arriverez vite, mais vous ne voudrez plus repartir. Nous sommes \u00e0 Avi\u00e0, tout pr\u00e8s de Berga et de l&rsquo;autoroute C-16. Suivez simplement les indications","og_url":"https:\/\/www.casalluert.com\/fr\/reservations-contact\/","og_site_name":"Casa Lluert","article_modified_time":"2025-08-11T16:40:28+00:00","twitter_card":"summary_large_image","schema":{"@context":"https:\/\/schema.org","@graph":[{"@type":"WebPage","@id":"https:\/\/www.casalluert.com\/fr\/reservations-contact\/","url":"https:\/\/www.casalluert.com\/fr\/reservations-contact\/","name":"R\u00e9servations \/ Contact - Casa Lluert","isPartOf":{"@id":"https:\/\/www.casalluert.com\/fr\/#website"},"datePublished":"2024-11-15T15:56:31+00:00","dateModified":"2025-08-11T16:40:28+00:00","breadcrumb":{"@id":"https:\/\/www.casalluert.com\/fr\/reservations-contact\/#breadcrumb"},"inLanguage":"fr-FR","potentialAction":[{"@type":"ReadAction","target":["https:\/\/www.casalluert.com\/fr\/reservations-contact\/"]}]},{"@type":"BreadcrumbList","@id":"https:\/\/www.casalluert.com\/fr\/reservations-contact\/#breadcrumb","itemListElement":[{"@type":"ListItem","position":1,"name":"Inici","item":"https:\/\/www.casalluert.com\/fr\/debut\/"},{"@type":"ListItem","position":2,"name":"R\u00e9servations \/ Contact"}]},{"@type":"WebSite","@id":"https:\/\/www.casalluert.com\/fr\/#website","url":"https:\/\/www.casalluert.com\/fr\/","name":"Casa Lluert","description":"Casa Rural a Avi\u00e0","publisher":{"@id":"https:\/\/www.casalluert.com\/fr\/#organization"},"potentialAction":[{"@type":"SearchAction","target":{"@type":"EntryPoint","urlTemplate":"https:\/\/www.casalluert.com\/fr\/?s={search_term_string}"},"query-input":{"@type":"PropertyValueSpecification","valueRequired":true,"valueName":"search_term_string"}}],"inLanguage":"fr-FR"},{"@type":"Organization","@id":"https:\/\/www.casalluert.com\/fr\/#organization","name":"Casa Lluert","url":"https:\/\/www.casalluert.com\/fr\/","logo":{"@type":"ImageObject","inLanguage":"fr-FR","@id":"https:\/\/www.casalluert.com\/fr\/#\/schema\/logo\/image\/","url":"https:\/\/www.casalluert.com\/wp-content\/uploads\/2024\/11\/img-logo-casa-lluert-2024-1.png","contentUrl":"https:\/\/www.casalluert.com\/wp-content\/uploads\/2024\/11\/img-logo-casa-lluert-2024-1.png","width":200,"height":100,"caption":"Casa Lluert"},"image":{"@id":"https:\/\/www.casalluert.com\/fr\/#\/schema\/logo\/image\/"}}]}},"_links":{"self":[{"href":"https:\/\/www.casalluert.com\/fr\/wp-json\/wp\/v2\/pages\/2181","targetHints":{"allow":["GET"]}}],"collection":[{"href":"https:\/\/www.casalluert.com\/fr\/wp-json\/wp\/v2\/pages"}],"about":[{"href":"https:\/\/www.casalluert.com\/fr\/wp-json\/wp\/v2\/types\/page"}],"author":[{"embeddable":true,"href":"https:\/\/www.casalluert.com\/fr\/wp-json\/wp\/v2\/users\/1"}],"replies":[{"embeddable":true,"href":"https:\/\/www.casalluert.com\/fr\/wp-json\/wp\/v2\/comments?post=2181"}],"version-history":[{"count":1,"href":"https:\/\/www.casalluert.com\/fr\/wp-json\/wp\/v2\/pages\/2181\/revisions"}],"predecessor-version":[{"id":2182,"href":"https:\/\/www.casalluert.com\/fr\/wp-json\/wp\/v2\/pages\/2181\/revisions\/2182"}],"wp:attachment":[{"href":"https:\/\/www.casalluert.com\/fr\/wp-json\/wp\/v2\/media?parent=2181"}],"curies":[{"name":"wp","href":"https:\/\/api.w.org\/{rel}","templated":true}]}}