{"id":2169,"date":"2024-11-20T10:38:47","date_gmt":"2024-11-20T09:38:47","guid":{"rendered":"https:\/\/www.casalluert.com\/politique-de-cookies\/"},"modified":"2025-08-11T17:40:15","modified_gmt":"2025-08-11T16:40:15","slug":"politique-de-cookies","status":"publish","type":"page","link":"https:\/\/www.casalluert.com\/fr\/politique-de-cookies\/","title":{"rendered":"Politique de cookies"},"content":{"rendered":"\t\t<div data-elementor-type=\"wp-page\" data-elementor-id=\"2169\" class=\"elementor elementor-2169 elementor-999\" data-elementor-post-type=\"page\">\n\t\t\t\t<div class=\"elementor-element elementor-element-e906760 e-flex e-con-boxed e-con e-parent\" data-id=\"e906760\" data-element_type=\"container\">\n\t\t\t\t\t<div class=\"e-con-inner\">\n\t\t\t\t<div class=\"elementor-element elementor-element-e273324 elementor-widget elementor-widget-heading\" data-id=\"e273324\" data-element_type=\"widget\" data-widget_type=\"heading.default\">\n\t\t\t\t<div class=\"elementor-widget-container\">\n\t\t\t\t\t<h2 class=\"elementor-heading-title elementor-size-default\">Politique de cookies<\/h2>\t\t\t\t<\/div>\n\t\t\t\t<\/div>\n\t\t\t\t<div class=\"elementor-element elementor-element-74d16d7 elementor-widget-divider--view-line elementor-widget elementor-widget-divider\" data-id=\"74d16d7\" data-element_type=\"widget\" data-widget_type=\"divider.default\">\n\t\t\t\t<div class=\"elementor-widget-container\">\n\t\t\t\t\t\t\t<div class=\"elementor-divider\">\n\t\t\t<span class=\"elementor-divider-separator\">\n\t\t\t\t\t\t<\/span>\n\t\t<\/div>\n\t\t\t\t\t\t<\/div>\n\t\t\t\t<\/div>\n\t\t\t\t<div class=\"elementor-element elementor-element-4a96f19 elementor-widget elementor-widget-text-editor\" data-id=\"4a96f19\" data-element_type=\"widget\" data-widget_type=\"text-editor.default\">\n\t\t\t\t<div class=\"elementor-widget-container\">\n\t\t\t\t\t\t\t\t\t<p>Casa Lluert vous informe de l\u2019utilisation des cookies sur <a href=\"http:\/\/www.casalluert.com\" target=\"_blank\" rel=\"noopener\">www.casalluert.com<\/a>.<\/p><p>Un cookie est un fichier qui est t\u00e9l\u00e9charg\u00e9 sur votre ordinateur, votre tablette ou votre t\u00e9l\u00e9phone lorsque vous acc\u00e9dez \u00e0 certaines pages web. Les cookies permettent \u00e0 une page web, entre autres, de stocker et de r\u00e9cup\u00e9rer des informations sur les habitudes de navigation d\u2019un utilisateur ou de son \u00e9quipement et, en fonction des informations qu\u2019ils contiennent et de la mani\u00e8re dont ils utilisent leur \u00e9quipement, ils peuvent \u00e9galement \u00eatre utilis\u00e9s pour reconna\u00eetre l\u2019utilisateur.<br>Types de cookies <\/p><p>Selon l\u2019entit\u00e9 qui g\u00e8re le domaine \u00e0 partir duquel les cookies sont envoy\u00e9s et traite les donn\u00e9es obtenues, on peut distinguer deux types de cookies&nbsp;: les cookies propres et les cookies tiers.<\/p><p>Il existe \u00e9galement une deuxi\u00e8me classification selon la dur\u00e9e pendant laquelle ils restent stock\u00e9s dans le navigateur du client, pouvant \u00eatre des cookies de session ou des cookies persistants.<\/p><p>Enfin, il existe une autre classification avec cinq types de cookies selon la finalit\u00e9 pour laquelle les donn\u00e9es obtenues sont trait\u00e9es&nbsp;: les cookies techniques, les cookies de personnalisation, les cookies d\u2019analyse, les cookies publicitaires et les cookies de publicit\u00e9 comportementale.<br>Cookies utilis\u00e9s sur ce site web<\/p><p>Les cookies qui sont utilis\u00e9s sur <a href=\"http:\/\/www.casalluert.com\" target=\"_blank\" rel=\"noopener\">www.casalluert.com<\/a>, ainsi que leur typologie et leur fonction, sont identifi\u00e9s ci-dessous&nbsp;:<\/p><p>Google Analytics. Il s\u2019agit d\u2019un service d\u2019analyse web d\u00e9velopp\u00e9 par Google Inc. dont le si\u00e8ge social est situ\u00e9 aux \u00c9tats-Unis, au 1600 Amphitheatre Parkway, Mountain View, California 94043, qui permet de mesurer et d\u2019analyser la navigation sur www.casalluert.com. Dans votre navigateur, vous pourrez observer 4&nbsp;cookies (_utma, _utmb, _ubmc et _utmz) li\u00e9s \u00e0 ce service. Selon la typologie pr\u00e9c\u00e9dente, il s\u2019agit de cookies tiers, persistants et d\u2019analyse. Vous pouvez trouver plus d\u2019informations \u00e0 ce sujet et d\u00e9sactiver l\u2019utilisation de ces cookies sur cette page. Gr\u00e2ce \u00e0 l\u2019analyse web, nous obtenons des informations relatives au nombre d\u2019utilisateurs qui acc\u00e8dent au site web afin que nous puissions fournir un meilleur service, le nombre de pages vues, la fr\u00e9quence et la r\u00e9p\u00e9tition des visites, leur dur\u00e9e, le navigateur utilis\u00e9, l\u2019op\u00e9rateur qui fournit le service, la langue, le terminal utilis\u00e9 ou la ville \u00e0 laquelle son adresse IP est attribu\u00e9e.      <\/p><p>PHPSESSID. Ce cookie est utilis\u00e9 par le langage de programmation PHP pour permettre aux variables de session d\u2019\u00eatre enregistr\u00e9es sur le serveur web. Selon la typologie pr\u00e9c\u00e9dente, il s\u2019agit d\u2019un cookie propre, de session et technique. Ce cookie est essentiel au fonctionnement du site web, il n\u2019est donc pas n\u00e9cessaire d\u2019obtenir le consentement.   <\/p>\t\t\t\t\t\t\t\t<\/div>\n\t\t\t\t<\/div>\n\t\t\t\t\t<\/div>\n\t\t\t\t<\/div>\n\t\t<div class=\"elementor-element elementor-element-b4fc531 e-flex e-con-boxed e-con e-parent\" data-id=\"b4fc531\" data-element_type=\"container\">\n\t\t\t\t\t<div class=\"e-con-inner\">\n\t\t\t\t<div class=\"elementor-element elementor-element-42d1752 elementor-widget elementor-widget-heading\" data-id=\"42d1752\" data-element_type=\"widget\" data-widget_type=\"heading.default\">\n\t\t\t\t<div class=\"elementor-widget-container\">\n\t\t\t\t\t<h2 class=\"elementor-heading-title elementor-size-default\">Acceptation de la politique de cookies<\/h2>\t\t\t\t<\/div>\n\t\t\t\t<\/div>\n\t\t\t\t<div class=\"elementor-element elementor-element-2f7a87e elementor-widget elementor-widget-text-editor\" data-id=\"2f7a87e\" data-element_type=\"widget\" data-widget_type=\"text-editor.default\">\n\t\t\t\t<div class=\"elementor-widget-container\">\n\t\t\t\t\t\t\t\t\t<p>Casa Lluert suppose que vous acceptez l\u2019utilisation de cookies. Toutefois, nous affichons des informations sur notre politique de cookies en bas de chaque page de notre site web \u00e0 chaque d\u00e9but de session afin que vous en soyez pleinement conscient. Compte tenu de ces informations, il est possible de r\u00e9aliser les actions suivantes&nbsp;:  <\/p><p>Accepter les cookies. Cet avis ne s\u2019affichera plus lorsque vous acc\u00e9derez \u00e0 une page de <a href=\"http:\/\/www.casalluert.com\" target=\"_blank\" rel=\"noopener\">www.casalluert.com<\/a> pendant 365&nbsp;jours.<br>Refuser les cookies. Vous quitterez imm\u00e9diatement la page web.<br>Consulter la politique de cookies. Vous pourrez obtenir plus d\u2019informations sur ce que sont les cookies, conna\u00eetre la politique de cookies de Casa Lluert et modifier la configuration de votre navigateur.   <\/p>\t\t\t\t\t\t\t\t<\/div>\n\t\t\t\t<\/div>\n\t\t\t\t\t<\/div>\n\t\t\t\t<\/div>\n\t\t<div class=\"elementor-element elementor-element-298d7f3 e-flex e-con-boxed e-con e-parent\" data-id=\"298d7f3\" data-element_type=\"container\">\n\t\t\t\t\t<div class=\"e-con-inner\">\n\t\t\t\t<div class=\"elementor-element elementor-element-2815b95 elementor-widget elementor-widget-heading\" data-id=\"2815b95\" data-element_type=\"widget\" data-widget_type=\"heading.default\">\n\t\t\t\t<div class=\"elementor-widget-container\">\n\t\t\t\t\t<h2 class=\"elementor-heading-title elementor-size-default\">Comment modifier la configuration des cookies\n<\/h2>\t\t\t\t<\/div>\n\t\t\t\t<\/div>\n\t\t\t\t<div class=\"elementor-element elementor-element-986db17 elementor-widget elementor-widget-text-editor\" data-id=\"986db17\" data-element_type=\"widget\" data-widget_type=\"text-editor.default\">\n\t\t\t\t<div class=\"elementor-widget-container\">\n\t\t\t\t\t\t\t\t\t<p>Vous pouvez autoriser, bloquer ou supprimer les cookies install\u00e9s sur votre ordinateur \u00e0 partir des options de configuration de votre navigateur. Selon celui-ci, le fonctionnement varie, c\u2019est pourquoi vous trouverez le moyen exact de le faire dans le menu d\u2019aide. Toutefois, nous vous expliquons comment le faire dans les principaux navigateurs du march\u00e9&nbsp;: Internet&nbsp;Explorer, Firefox, Google&nbsp;Chrome, Safari.  <\/p><p>Si vous bloquez les cookies dans votre navigateur, il est tr\u00e8s probable que vous ne puissiez pas acc\u00e9der correctement \u00e0 certaines sections de notre site web ou qu\u2019elles ne s\u2019affichent pas correctement.<\/p>\t\t\t\t\t\t\t\t<\/div>\n\t\t\t\t<\/div>\n\t\t\t\t\t<\/div>\n\t\t\t\t<\/div>\n\t\t\t\t<\/div>\n\t\t","protected":false},"excerpt":{"rendered":"<p>Politique de cookies Casa Lluert vous informe de l\u2019utilisation des cookies sur www.casalluert.com. Un cookie est un fichier qui est t\u00e9l\u00e9charg\u00e9 sur votre ordinateur, votre tablette ou votre t\u00e9l\u00e9phone lorsque vous acc\u00e9dez \u00e0 certaines pages web. Les cookies permettent \u00e0 une page web, entre autres, de stocker et de r\u00e9cup\u00e9rer des informations sur les habitudes<\/p>\n","protected":false},"author":1,"featured_media":0,"parent":0,"menu_order":0,"comment_status":"closed","ping_status":"closed","template":"tpl-visual_composer.php","meta":{"_joinchat":[],"footnotes":""},"class_list":["post-2169","page","type-page","status-publish","hentry"],"yoast_head":"<!-- This site is optimized with the Yoast SEO plugin v27.2 - https:\/\/yoast.com\/product\/yoast-seo-wordpress\/ -->\n<title>Politique de cookies - Casa Lluert<\/title>\n<meta name=\"robots\" content=\"index, follow, max-snippet:-1, max-image-preview:large, max-video-preview:-1\" \/>\n<link rel=\"canonical\" href=\"https:\/\/www.casalluert.com\/fr\/politique-de-cookies\/\" \/>\n<meta property=\"og:locale\" content=\"fr_FR\" \/>\n<meta property=\"og:type\" content=\"article\" \/>\n<meta property=\"og:title\" content=\"Politique de cookies - Casa Lluert\" \/>\n<meta property=\"og:description\" content=\"Politique de cookies Casa Lluert vous informe de l\u2019utilisation des cookies sur www.casalluert.com. Un cookie est un fichier qui est t\u00e9l\u00e9charg\u00e9 sur votre ordinateur, votre tablette ou votre t\u00e9l\u00e9phone lorsque vous acc\u00e9dez \u00e0 certaines pages web. Les cookies permettent \u00e0 une page web, entre autres, de stocker et de r\u00e9cup\u00e9rer des informations sur les habitudes\" \/>\n<meta property=\"og:url\" content=\"https:\/\/www.casalluert.com\/fr\/politique-de-cookies\/\" \/>\n<meta property=\"og:site_name\" content=\"Casa Lluert\" \/>\n<meta property=\"article:modified_time\" content=\"2025-08-11T16:40:15+00:00\" \/>\n<meta name=\"twitter:card\" content=\"summary_large_image\" \/>\n<meta name=\"twitter:label1\" content=\"Dur\u00e9e de lecture estim\u00e9e\" \/>\n\t<meta name=\"twitter:data1\" content=\"4 minutes\" \/>\n<script type=\"application\/ld+json\" class=\"yoast-schema-graph\">{\"@context\":\"https:\/\/schema.org\",\"@graph\":[{\"@type\":\"WebPage\",\"@id\":\"https:\/\/www.casalluert.com\/fr\/politique-de-cookies\/\",\"url\":\"https:\/\/www.casalluert.com\/fr\/politique-de-cookies\/\",\"name\":\"Politique de cookies - Casa Lluert\",\"isPartOf\":{\"@id\":\"https:\/\/www.casalluert.com\/fr\/#website\"},\"datePublished\":\"2024-11-20T09:38:47+00:00\",\"dateModified\":\"2025-08-11T16:40:15+00:00\",\"breadcrumb\":{\"@id\":\"https:\/\/www.casalluert.com\/fr\/politique-de-cookies\/#breadcrumb\"},\"inLanguage\":\"fr-FR\",\"potentialAction\":[{\"@type\":\"ReadAction\",\"target\":[\"https:\/\/www.casalluert.com\/fr\/politique-de-cookies\/\"]}]},{\"@type\":\"BreadcrumbList\",\"@id\":\"https:\/\/www.casalluert.com\/fr\/politique-de-cookies\/#breadcrumb\",\"itemListElement\":[{\"@type\":\"ListItem\",\"position\":1,\"name\":\"Inici\",\"item\":\"https:\/\/www.casalluert.com\/fr\/debut\/\"},{\"@type\":\"ListItem\",\"position\":2,\"name\":\"Politique de cookies\"}]},{\"@type\":\"WebSite\",\"@id\":\"https:\/\/www.casalluert.com\/fr\/#website\",\"url\":\"https:\/\/www.casalluert.com\/fr\/\",\"name\":\"Casa Lluert\",\"description\":\"Casa Rural a Avi\u00e0\",\"publisher\":{\"@id\":\"https:\/\/www.casalluert.com\/fr\/#organization\"},\"potentialAction\":[{\"@type\":\"SearchAction\",\"target\":{\"@type\":\"EntryPoint\",\"urlTemplate\":\"https:\/\/www.casalluert.com\/fr\/?s={search_term_string}\"},\"query-input\":{\"@type\":\"PropertyValueSpecification\",\"valueRequired\":true,\"valueName\":\"search_term_string\"}}],\"inLanguage\":\"fr-FR\"},{\"@type\":\"Organization\",\"@id\":\"https:\/\/www.casalluert.com\/fr\/#organization\",\"name\":\"Casa Lluert\",\"url\":\"https:\/\/www.casalluert.com\/fr\/\",\"logo\":{\"@type\":\"ImageObject\",\"inLanguage\":\"fr-FR\",\"@id\":\"https:\/\/www.casalluert.com\/fr\/#\/schema\/logo\/image\/\",\"url\":\"https:\/\/www.casalluert.com\/wp-content\/uploads\/2024\/11\/img-logo-casa-lluert-2024-1.png\",\"contentUrl\":\"https:\/\/www.casalluert.com\/wp-content\/uploads\/2024\/11\/img-logo-casa-lluert-2024-1.png\",\"width\":200,\"height\":100,\"caption\":\"Casa Lluert\"},\"image\":{\"@id\":\"https:\/\/www.casalluert.com\/fr\/#\/schema\/logo\/image\/\"}}]}<\/script>\n<!-- \/ Yoast SEO plugin. -->","yoast_head_json":{"title":"Politique de cookies - Casa Lluert","robots":{"index":"index","follow":"follow","max-snippet":"max-snippet:-1","max-image-preview":"max-image-preview:large","max-video-preview":"max-video-preview:-1"},"canonical":"https:\/\/www.casalluert.com\/fr\/politique-de-cookies\/","og_locale":"fr_FR","og_type":"article","og_title":"Politique de cookies - Casa Lluert","og_description":"Politique de cookies Casa Lluert vous informe de l\u2019utilisation des cookies sur www.casalluert.com. Un cookie est un fichier qui est t\u00e9l\u00e9charg\u00e9 sur votre ordinateur, votre tablette ou votre t\u00e9l\u00e9phone lorsque vous acc\u00e9dez \u00e0 certaines pages web. Les cookies permettent \u00e0 une page web, entre autres, de stocker et de r\u00e9cup\u00e9rer des informations sur les habitudes","og_url":"https:\/\/www.casalluert.com\/fr\/politique-de-cookies\/","og_site_name":"Casa Lluert","article_modified_time":"2025-08-11T16:40:15+00:00","twitter_card":"summary_large_image","twitter_misc":{"Dur\u00e9e de lecture estim\u00e9e":"4 minutes"},"schema":{"@context":"https:\/\/schema.org","@graph":[{"@type":"WebPage","@id":"https:\/\/www.casalluert.com\/fr\/politique-de-cookies\/","url":"https:\/\/www.casalluert.com\/fr\/politique-de-cookies\/","name":"Politique de cookies - Casa Lluert","isPartOf":{"@id":"https:\/\/www.casalluert.com\/fr\/#website"},"datePublished":"2024-11-20T09:38:47+00:00","dateModified":"2025-08-11T16:40:15+00:00","breadcrumb":{"@id":"https:\/\/www.casalluert.com\/fr\/politique-de-cookies\/#breadcrumb"},"inLanguage":"fr-FR","potentialAction":[{"@type":"ReadAction","target":["https:\/\/www.casalluert.com\/fr\/politique-de-cookies\/"]}]},{"@type":"BreadcrumbList","@id":"https:\/\/www.casalluert.com\/fr\/politique-de-cookies\/#breadcrumb","itemListElement":[{"@type":"ListItem","position":1,"name":"Inici","item":"https:\/\/www.casalluert.com\/fr\/debut\/"},{"@type":"ListItem","position":2,"name":"Politique de cookies"}]},{"@type":"WebSite","@id":"https:\/\/www.casalluert.com\/fr\/#website","url":"https:\/\/www.casalluert.com\/fr\/","name":"Casa Lluert","description":"Casa Rural a Avi\u00e0","publisher":{"@id":"https:\/\/www.casalluert.com\/fr\/#organization"},"potentialAction":[{"@type":"SearchAction","target":{"@type":"EntryPoint","urlTemplate":"https:\/\/www.casalluert.com\/fr\/?s={search_term_string}"},"query-input":{"@type":"PropertyValueSpecification","valueRequired":true,"valueName":"search_term_string"}}],"inLanguage":"fr-FR"},{"@type":"Organization","@id":"https:\/\/www.casalluert.com\/fr\/#organization","name":"Casa Lluert","url":"https:\/\/www.casalluert.com\/fr\/","logo":{"@type":"ImageObject","inLanguage":"fr-FR","@id":"https:\/\/www.casalluert.com\/fr\/#\/schema\/logo\/image\/","url":"https:\/\/www.casalluert.com\/wp-content\/uploads\/2024\/11\/img-logo-casa-lluert-2024-1.png","contentUrl":"https:\/\/www.casalluert.com\/wp-content\/uploads\/2024\/11\/img-logo-casa-lluert-2024-1.png","width":200,"height":100,"caption":"Casa Lluert"},"image":{"@id":"https:\/\/www.casalluert.com\/fr\/#\/schema\/logo\/image\/"}}]}},"_links":{"self":[{"href":"https:\/\/www.casalluert.com\/fr\/wp-json\/wp\/v2\/pages\/2169","targetHints":{"allow":["GET"]}}],"collection":[{"href":"https:\/\/www.casalluert.com\/fr\/wp-json\/wp\/v2\/pages"}],"about":[{"href":"https:\/\/www.casalluert.com\/fr\/wp-json\/wp\/v2\/types\/page"}],"author":[{"embeddable":true,"href":"https:\/\/www.casalluert.com\/fr\/wp-json\/wp\/v2\/users\/1"}],"replies":[{"embeddable":true,"href":"https:\/\/www.casalluert.com\/fr\/wp-json\/wp\/v2\/comments?post=2169"}],"version-history":[{"count":1,"href":"https:\/\/www.casalluert.com\/fr\/wp-json\/wp\/v2\/pages\/2169\/revisions"}],"predecessor-version":[{"id":2170,"href":"https:\/\/www.casalluert.com\/fr\/wp-json\/wp\/v2\/pages\/2169\/revisions\/2170"}],"wp:attachment":[{"href":"https:\/\/www.casalluert.com\/fr\/wp-json\/wp\/v2\/media?parent=2169"}],"curies":[{"name":"wp","href":"https:\/\/api.w.org\/{rel}","templated":true}]}}