{"id":2167,"date":"2024-11-19T11:50:46","date_gmt":"2024-11-19T10:50:46","guid":{"rendered":"https:\/\/www.casalluert.com\/politique-de-confidentialite\/"},"modified":"2025-08-11T17:40:15","modified_gmt":"2025-08-11T16:40:15","slug":"politique-de-confidentialite","status":"publish","type":"page","link":"https:\/\/www.casalluert.com\/fr\/politique-de-confidentialite\/","title":{"rendered":"Politique de confidentialit\u00e9"},"content":{"rendered":"\t\t<div data-elementor-type=\"wp-page\" data-elementor-id=\"2167\" class=\"elementor elementor-2167 elementor-885\" data-elementor-post-type=\"page\">\n\t\t\t\t<div class=\"elementor-element elementor-element-e906760 e-flex e-con-boxed e-con e-parent\" data-id=\"e906760\" data-element_type=\"container\">\n\t\t\t\t\t<div class=\"e-con-inner\">\n\t\t\t\t<div class=\"elementor-element elementor-element-e273324 elementor-widget elementor-widget-heading\" data-id=\"e273324\" data-element_type=\"widget\" data-widget_type=\"heading.default\">\n\t\t\t\t<div class=\"elementor-widget-container\">\n\t\t\t\t\t<h2 class=\"elementor-heading-title elementor-size-default\">Politique de confidentialit\u00e9<\/h2>\t\t\t\t<\/div>\n\t\t\t\t<\/div>\n\t\t\t\t<div class=\"elementor-element elementor-element-74d16d7 elementor-widget-divider--view-line elementor-widget elementor-widget-divider\" data-id=\"74d16d7\" data-element_type=\"widget\" data-widget_type=\"divider.default\">\n\t\t\t\t<div class=\"elementor-widget-container\">\n\t\t\t\t\t\t\t<div class=\"elementor-divider\">\n\t\t\t<span class=\"elementor-divider-separator\">\n\t\t\t\t\t\t<\/span>\n\t\t<\/div>\n\t\t\t\t\t\t<\/div>\n\t\t\t\t<\/div>\n\t\t\t\t<div class=\"elementor-element elementor-element-75eca19 elementor-widget elementor-widget-heading\" data-id=\"75eca19\" data-element_type=\"widget\" data-widget_type=\"heading.default\">\n\t\t\t\t<div class=\"elementor-widget-container\">\n\t\t\t\t\t<h2 class=\"elementor-heading-title elementor-size-default\">1. INFORMATIONS \u00c0 L'UTILISATEUR<\/h2>\t\t\t\t<\/div>\n\t\t\t\t<\/div>\n\t\t\t\t<div class=\"elementor-element elementor-element-4a96f19 elementor-widget elementor-widget-text-editor\" data-id=\"4a96f19\" data-element_type=\"widget\" data-widget_type=\"text-editor.default\">\n\t\t\t\t<div class=\"elementor-widget-container\">\n\t\t\t\t\t\t\t\t\t<p>Casa Lluert, ci-apr\u00e8s le RESPONSABLE, est le Responsable du traitement des donn\u00e9es personnelles de l&rsquo;Utilisateur et vous informe que ces donn\u00e9es seront trait\u00e9es conform\u00e9ment aux dispositions du R\u00e8glement (UE) 2016\/679 du 27 avril 2016 (RGPD) relatif \u00e0 la protection des personnes physiques concernant le traitement des donn\u00e9es personnelles et la libre circulation de ces donn\u00e9es, pour lequel les informations de traitement suivantes sont fournies :<\/p><p>Finalit\u00e9 du traitement : maintenir une relation commerciale avec l&rsquo;Utilisateur. Les op\u00e9rations pr\u00e9vues pour r\u00e9aliser le traitement sont : <\/p><p>Envoi de communications commerciales publicitaires par e-mail, fax, SMS, MMS, communaut\u00e9s sociales ou tout autre moyen \u00e9lectronique ou physique, pr\u00e9sent ou futur, permettant de r\u00e9aliser des communications commerciales. Ces communications seront r\u00e9alis\u00e9es par le RESPONSABLE et porteront sur ses produits et services, ou ceux de ses collaborateurs ou fournisseurs avec lesquels il aura conclu un accord de promotion. Dans ce cas, les tiers n&rsquo;auront jamais acc\u00e8s aux donn\u00e9es personnelles.  <\/p><p>R\u00e9aliser des \u00e9tudes statistiques.<\/p><p>Traiter les commandes, les demandes ou tout type de requ\u00eate effectu\u00e9e par l&rsquo;utilisateur via l&rsquo;une des formes de contact mises \u00e0 sa disposition.<\/p><p>Envoyer le bulletin d&rsquo;informations du site web.<\/p><p>Crit\u00e8res de conservation des donn\u00e9es : elles seront conserv\u00e9es tant qu&rsquo;il existe un int\u00e9r\u00eat mutuel \u00e0 maintenir la finalit\u00e9 du traitement et, lorsqu&rsquo;elles ne seront plus n\u00e9cessaires \u00e0 cette fin, elles seront supprim\u00e9es avec des mesures de s\u00e9curit\u00e9 appropri\u00e9es pour garantir la pseudonymisation des donn\u00e9es ou leur destruction totale.<\/p><p>Communication des donn\u00e9es : Les donn\u00e9es ne seront pas communiqu\u00e9es \u00e0 des tiers, sauf obligation l\u00e9gale.<\/p><p><strong>Droits dont dispose l&rsquo;Utilisateur :<\/strong><\/p><p>Droit de retirer son consentement \u00e0 tout moment.<br>Droit d&rsquo;acc\u00e8s, de rectification, de portabilit\u00e9 et de suppression de ses donn\u00e9es et de limitation ou d&rsquo;opposition \u00e0 leur traitement.<br>Droit de d\u00e9poser une r\u00e9clamation aupr\u00e8s de l&rsquo;autorit\u00e9 de contr\u00f4le (agpd.es) s&rsquo;il consid\u00e8re que le traitement n&rsquo;est pas conforme \u00e0 la r\u00e9glementation en vigueur.<\/p><p><strong>Coordonn\u00e9es pour exercer vos droits&nbsp;:<\/strong><\/p><p>Adresse postale : Casa Lluert. Casa Lluert de Clar\u00e0, s\/n, Avi\u00e0, Barcelona.<br>Email : <a href=\"mailto:casalluert@gmail.com\" target=\"_blank\" rel=\"noopener\">casalluert@gmail.com<\/a> <\/p>\t\t\t\t\t\t\t\t<\/div>\n\t\t\t\t<\/div>\n\t\t\t\t\t<\/div>\n\t\t\t\t<\/div>\n\t\t<div class=\"elementor-element elementor-element-b4fc531 e-flex e-con-boxed e-con e-parent\" data-id=\"b4fc531\" data-element_type=\"container\">\n\t\t\t\t\t<div class=\"e-con-inner\">\n\t\t\t\t<div class=\"elementor-element elementor-element-42d1752 elementor-widget elementor-widget-heading\" data-id=\"42d1752\" data-element_type=\"widget\" data-widget_type=\"heading.default\">\n\t\t\t\t<div class=\"elementor-widget-container\">\n\t\t\t\t\t<h2 class=\"elementor-heading-title elementor-size-default\">2. CARACT\u00c8RE OBLIGATOIRE OU FACULTATIF DES INFORMATIONS FOURNIES PAR L'UTILISATEUR<\/h2>\t\t\t\t<\/div>\n\t\t\t\t<\/div>\n\t\t\t\t<div class=\"elementor-element elementor-element-2f7a87e elementor-widget elementor-widget-text-editor\" data-id=\"2f7a87e\" data-element_type=\"widget\" data-widget_type=\"text-editor.default\">\n\t\t\t\t<div class=\"elementor-widget-container\">\n\t\t\t\t\t\t\t\t\t<p>Les Utilisateurs, en cochant les cases correspondantes et en saisissant des donn\u00e9es dans les champs, marqu\u00e9s d&rsquo;un ast\u00e9risque (*) dans le formulaire de contact ou pr\u00e9sent\u00e9s dans les formulaires de t\u00e9l\u00e9chargement, acceptent express\u00e9ment et librement, de mani\u00e8re non \u00e9quivoque, que leurs donn\u00e9es sont n\u00e9cessaires pour r\u00e9pondre \u00e0 leur demande, de la part du prestataire, l&rsquo;inclusion de donn\u00e9es dans les champs restants \u00e9tant volontaire. L&rsquo;Utilisateur garantit que les donn\u00e9es personnelles fournies au RESPONSABLE sont v\u00e9ridiques et s&rsquo;engage \u00e0 communiquer toute modification de celles-ci. <\/p><p>Le RESPONSABLE informe et garantit express\u00e9ment aux utilisateurs que leurs donn\u00e9es personnelles ne seront en aucun cas c\u00e9d\u00e9es \u00e0 des tiers, et que, chaque fois qu&rsquo;il effectuera un type de cession de donn\u00e9es personnelles, le consentement expr\u00e8s, inform\u00e9 et non \u00e9quivoque des Utilisateurs sera pr\u00e9alablement demand\u00e9. Toutes les donn\u00e9es demand\u00e9es via le site web sont obligatoires, car elles sont n\u00e9cessaires pour la prestation d&rsquo;un service optimal \u00e0 l&rsquo;Utilisateur. Si toutes les donn\u00e9es ne sont pas fournies, il n&rsquo;est pas garanti que les informations et services fournis soient enti\u00e8rement adapt\u00e9s \u00e0 ses besoins.  <\/p>\t\t\t\t\t\t\t\t<\/div>\n\t\t\t\t<\/div>\n\t\t\t\t\t<\/div>\n\t\t\t\t<\/div>\n\t\t<div class=\"elementor-element elementor-element-298d7f3 e-flex e-con-boxed e-con e-parent\" data-id=\"298d7f3\" data-element_type=\"container\">\n\t\t\t\t\t<div class=\"e-con-inner\">\n\t\t\t\t<div class=\"elementor-element elementor-element-2815b95 elementor-widget elementor-widget-heading\" data-id=\"2815b95\" data-element_type=\"widget\" data-widget_type=\"heading.default\">\n\t\t\t\t<div class=\"elementor-widget-container\">\n\t\t\t\t\t<h2 class=\"elementor-heading-title elementor-size-default\">3. MESURES DE S\u00c9CURIT\u00c9<\/h2>\t\t\t\t<\/div>\n\t\t\t\t<\/div>\n\t\t\t\t<div class=\"elementor-element elementor-element-986db17 elementor-widget elementor-widget-text-editor\" data-id=\"986db17\" data-element_type=\"widget\" data-widget_type=\"text-editor.default\">\n\t\t\t\t<div class=\"elementor-widget-container\">\n\t\t\t\t\t\t\t\t\t<p>Conform\u00e9ment aux dispositions des r\u00e9glementations en vigueur en mati\u00e8re de protection des donn\u00e9es personnelles, le RESPONSABLE respecte toutes les dispositions des r\u00e9glementations RGPD pour le traitement des donn\u00e9es personnelles dont il est responsable, et manifestement les principes d\u00e9crits \u00e0 l&rsquo;article 5 du RGPD, selon lesquels elles sont trait\u00e9es de mani\u00e8re licite, loyale et transparente vis-\u00e0-vis de la personne concern\u00e9e et ad\u00e9quates, pertinentes et limit\u00e9es \u00e0 ce qui est n\u00e9cessaire au regard des finalit\u00e9s pour lesquelles elles sont trait\u00e9es.<\/p><p>Le RESPONSABLE garantit qu&rsquo;il a mis en \u0153uvre des politiques techniques et organisationnelles appropri\u00e9es pour appliquer les mesures de s\u00e9curit\u00e9 \u00e9tablies par le RGPD afin de prot\u00e9ger les droits et libert\u00e9s des Utilisateurs et leur a communiqu\u00e9 les informations appropri\u00e9es pour qu&rsquo;ils puissent les exercer.<\/p>\t\t\t\t\t\t\t\t<\/div>\n\t\t\t\t<\/div>\n\t\t\t\t\t<\/div>\n\t\t\t\t<\/div>\n\t\t\t\t<\/div>\n\t\t","protected":false},"excerpt":{"rendered":"<p>Politique de confidentialit\u00e9 1. INFORMATIONS \u00c0 L&rsquo;UTILISATEUR Casa Lluert, ci-apr\u00e8s le RESPONSABLE, est le Responsable du traitement des donn\u00e9es personnelles de l&rsquo;Utilisateur et vous informe que ces donn\u00e9es seront trait\u00e9es conform\u00e9ment aux dispositions du R\u00e8glement (UE) 2016\/679 du 27 avril 2016 (RGPD) relatif \u00e0 la protection des personnes physiques concernant le traitement des donn\u00e9es personnelles<\/p>\n","protected":false},"author":1,"featured_media":0,"parent":0,"menu_order":0,"comment_status":"closed","ping_status":"closed","template":"tpl-visual_composer.php","meta":{"_joinchat":[],"footnotes":""},"class_list":["post-2167","page","type-page","status-publish","hentry"],"yoast_head":"<!-- This site is optimized with the Yoast SEO plugin v27.2 - https:\/\/yoast.com\/product\/yoast-seo-wordpress\/ -->\n<title>Politique de confidentialit\u00e9 - Casa Lluert<\/title>\n<meta name=\"robots\" content=\"index, follow, max-snippet:-1, max-image-preview:large, max-video-preview:-1\" \/>\n<link rel=\"canonical\" href=\"https:\/\/www.casalluert.com\/fr\/politique-de-confidentialite\/\" \/>\n<meta property=\"og:locale\" content=\"fr_FR\" \/>\n<meta property=\"og:type\" content=\"article\" \/>\n<meta property=\"og:title\" content=\"Politique de confidentialit\u00e9 - Casa Lluert\" \/>\n<meta property=\"og:description\" content=\"Politique de confidentialit\u00e9 1. INFORMATIONS \u00c0 L&rsquo;UTILISATEUR Casa Lluert, ci-apr\u00e8s le RESPONSABLE, est le Responsable du traitement des donn\u00e9es personnelles de l&rsquo;Utilisateur et vous informe que ces donn\u00e9es seront trait\u00e9es conform\u00e9ment aux dispositions du R\u00e8glement (UE) 2016\/679 du 27 avril 2016 (RGPD) relatif \u00e0 la protection des personnes physiques concernant le traitement des donn\u00e9es personnelles\" \/>\n<meta property=\"og:url\" content=\"https:\/\/www.casalluert.com\/fr\/politique-de-confidentialite\/\" \/>\n<meta property=\"og:site_name\" content=\"Casa Lluert\" \/>\n<meta property=\"article:modified_time\" content=\"2025-08-11T16:40:15+00:00\" \/>\n<meta name=\"twitter:card\" content=\"summary_large_image\" \/>\n<meta name=\"twitter:label1\" content=\"Dur\u00e9e de lecture estim\u00e9e\" \/>\n\t<meta name=\"twitter:data1\" content=\"4 minutes\" \/>\n<script type=\"application\/ld+json\" class=\"yoast-schema-graph\">{\"@context\":\"https:\/\/schema.org\",\"@graph\":[{\"@type\":\"WebPage\",\"@id\":\"https:\/\/www.casalluert.com\/fr\/politique-de-confidentialite\/\",\"url\":\"https:\/\/www.casalluert.com\/fr\/politique-de-confidentialite\/\",\"name\":\"Politique de confidentialit\u00e9 - Casa Lluert\",\"isPartOf\":{\"@id\":\"https:\/\/www.casalluert.com\/fr\/#website\"},\"datePublished\":\"2024-11-19T10:50:46+00:00\",\"dateModified\":\"2025-08-11T16:40:15+00:00\",\"breadcrumb\":{\"@id\":\"https:\/\/www.casalluert.com\/fr\/politique-de-confidentialite\/#breadcrumb\"},\"inLanguage\":\"fr-FR\",\"potentialAction\":[{\"@type\":\"ReadAction\",\"target\":[\"https:\/\/www.casalluert.com\/fr\/politique-de-confidentialite\/\"]}]},{\"@type\":\"BreadcrumbList\",\"@id\":\"https:\/\/www.casalluert.com\/fr\/politique-de-confidentialite\/#breadcrumb\",\"itemListElement\":[{\"@type\":\"ListItem\",\"position\":1,\"name\":\"Inici\",\"item\":\"https:\/\/www.casalluert.com\/fr\/debut\/\"},{\"@type\":\"ListItem\",\"position\":2,\"name\":\"Politique de confidentialit\u00e9\"}]},{\"@type\":\"WebSite\",\"@id\":\"https:\/\/www.casalluert.com\/fr\/#website\",\"url\":\"https:\/\/www.casalluert.com\/fr\/\",\"name\":\"Casa Lluert\",\"description\":\"Casa Rural a Avi\u00e0\",\"publisher\":{\"@id\":\"https:\/\/www.casalluert.com\/fr\/#organization\"},\"potentialAction\":[{\"@type\":\"SearchAction\",\"target\":{\"@type\":\"EntryPoint\",\"urlTemplate\":\"https:\/\/www.casalluert.com\/fr\/?s={search_term_string}\"},\"query-input\":{\"@type\":\"PropertyValueSpecification\",\"valueRequired\":true,\"valueName\":\"search_term_string\"}}],\"inLanguage\":\"fr-FR\"},{\"@type\":\"Organization\",\"@id\":\"https:\/\/www.casalluert.com\/fr\/#organization\",\"name\":\"Casa Lluert\",\"url\":\"https:\/\/www.casalluert.com\/fr\/\",\"logo\":{\"@type\":\"ImageObject\",\"inLanguage\":\"fr-FR\",\"@id\":\"https:\/\/www.casalluert.com\/fr\/#\/schema\/logo\/image\/\",\"url\":\"https:\/\/www.casalluert.com\/wp-content\/uploads\/2024\/11\/img-logo-casa-lluert-2024-1.png\",\"contentUrl\":\"https:\/\/www.casalluert.com\/wp-content\/uploads\/2024\/11\/img-logo-casa-lluert-2024-1.png\",\"width\":200,\"height\":100,\"caption\":\"Casa Lluert\"},\"image\":{\"@id\":\"https:\/\/www.casalluert.com\/fr\/#\/schema\/logo\/image\/\"}}]}<\/script>\n<!-- \/ Yoast SEO plugin. -->","yoast_head_json":{"title":"Politique de confidentialit\u00e9 - Casa Lluert","robots":{"index":"index","follow":"follow","max-snippet":"max-snippet:-1","max-image-preview":"max-image-preview:large","max-video-preview":"max-video-preview:-1"},"canonical":"https:\/\/www.casalluert.com\/fr\/politique-de-confidentialite\/","og_locale":"fr_FR","og_type":"article","og_title":"Politique de confidentialit\u00e9 - Casa Lluert","og_description":"Politique de confidentialit\u00e9 1. INFORMATIONS \u00c0 L&rsquo;UTILISATEUR Casa Lluert, ci-apr\u00e8s le RESPONSABLE, est le Responsable du traitement des donn\u00e9es personnelles de l&rsquo;Utilisateur et vous informe que ces donn\u00e9es seront trait\u00e9es conform\u00e9ment aux dispositions du R\u00e8glement (UE) 2016\/679 du 27 avril 2016 (RGPD) relatif \u00e0 la protection des personnes physiques concernant le traitement des donn\u00e9es personnelles","og_url":"https:\/\/www.casalluert.com\/fr\/politique-de-confidentialite\/","og_site_name":"Casa Lluert","article_modified_time":"2025-08-11T16:40:15+00:00","twitter_card":"summary_large_image","twitter_misc":{"Dur\u00e9e de lecture estim\u00e9e":"4 minutes"},"schema":{"@context":"https:\/\/schema.org","@graph":[{"@type":"WebPage","@id":"https:\/\/www.casalluert.com\/fr\/politique-de-confidentialite\/","url":"https:\/\/www.casalluert.com\/fr\/politique-de-confidentialite\/","name":"Politique de confidentialit\u00e9 - Casa Lluert","isPartOf":{"@id":"https:\/\/www.casalluert.com\/fr\/#website"},"datePublished":"2024-11-19T10:50:46+00:00","dateModified":"2025-08-11T16:40:15+00:00","breadcrumb":{"@id":"https:\/\/www.casalluert.com\/fr\/politique-de-confidentialite\/#breadcrumb"},"inLanguage":"fr-FR","potentialAction":[{"@type":"ReadAction","target":["https:\/\/www.casalluert.com\/fr\/politique-de-confidentialite\/"]}]},{"@type":"BreadcrumbList","@id":"https:\/\/www.casalluert.com\/fr\/politique-de-confidentialite\/#breadcrumb","itemListElement":[{"@type":"ListItem","position":1,"name":"Inici","item":"https:\/\/www.casalluert.com\/fr\/debut\/"},{"@type":"ListItem","position":2,"name":"Politique de confidentialit\u00e9"}]},{"@type":"WebSite","@id":"https:\/\/www.casalluert.com\/fr\/#website","url":"https:\/\/www.casalluert.com\/fr\/","name":"Casa Lluert","description":"Casa Rural a Avi\u00e0","publisher":{"@id":"https:\/\/www.casalluert.com\/fr\/#organization"},"potentialAction":[{"@type":"SearchAction","target":{"@type":"EntryPoint","urlTemplate":"https:\/\/www.casalluert.com\/fr\/?s={search_term_string}"},"query-input":{"@type":"PropertyValueSpecification","valueRequired":true,"valueName":"search_term_string"}}],"inLanguage":"fr-FR"},{"@type":"Organization","@id":"https:\/\/www.casalluert.com\/fr\/#organization","name":"Casa Lluert","url":"https:\/\/www.casalluert.com\/fr\/","logo":{"@type":"ImageObject","inLanguage":"fr-FR","@id":"https:\/\/www.casalluert.com\/fr\/#\/schema\/logo\/image\/","url":"https:\/\/www.casalluert.com\/wp-content\/uploads\/2024\/11\/img-logo-casa-lluert-2024-1.png","contentUrl":"https:\/\/www.casalluert.com\/wp-content\/uploads\/2024\/11\/img-logo-casa-lluert-2024-1.png","width":200,"height":100,"caption":"Casa Lluert"},"image":{"@id":"https:\/\/www.casalluert.com\/fr\/#\/schema\/logo\/image\/"}}]}},"_links":{"self":[{"href":"https:\/\/www.casalluert.com\/fr\/wp-json\/wp\/v2\/pages\/2167","targetHints":{"allow":["GET"]}}],"collection":[{"href":"https:\/\/www.casalluert.com\/fr\/wp-json\/wp\/v2\/pages"}],"about":[{"href":"https:\/\/www.casalluert.com\/fr\/wp-json\/wp\/v2\/types\/page"}],"author":[{"embeddable":true,"href":"https:\/\/www.casalluert.com\/fr\/wp-json\/wp\/v2\/users\/1"}],"replies":[{"embeddable":true,"href":"https:\/\/www.casalluert.com\/fr\/wp-json\/wp\/v2\/comments?post=2167"}],"version-history":[{"count":1,"href":"https:\/\/www.casalluert.com\/fr\/wp-json\/wp\/v2\/pages\/2167\/revisions"}],"predecessor-version":[{"id":2168,"href":"https:\/\/www.casalluert.com\/fr\/wp-json\/wp\/v2\/pages\/2167\/revisions\/2168"}],"wp:attachment":[{"href":"https:\/\/www.casalluert.com\/fr\/wp-json\/wp\/v2\/media?parent=2167"}],"curies":[{"name":"wp","href":"https:\/\/api.w.org\/{rel}","templated":true}]}}