{"id":999,"date":"2024-11-20T10:38:47","date_gmt":"2024-11-20T10:38:47","guid":{"rendered":"https:\/\/www.casalluert.com\/?page_id=999"},"modified":"2024-12-11T11:50:28","modified_gmt":"2024-12-11T11:50:28","slug":"politica-de-cookies","status":"publish","type":"page","link":"https:\/\/www.casalluert.com\/es\/politica-de-cookies\/","title":{"rendered":"Pol\u00edtica de Cookies"},"content":{"rendered":"\t\t<div data-elementor-type=\"wp-page\" data-elementor-id=\"999\" class=\"elementor elementor-999\" data-elementor-post-type=\"page\">\n\t\t\t\t<div class=\"elementor-element elementor-element-e906760 e-flex e-con-boxed e-con e-parent\" data-id=\"e906760\" data-element_type=\"container\">\n\t\t\t\t\t<div class=\"e-con-inner\">\n\t\t\t\t<div class=\"elementor-element elementor-element-e273324 elementor-widget elementor-widget-heading\" data-id=\"e273324\" data-element_type=\"widget\" data-widget_type=\"heading.default\">\n\t\t\t\t<div class=\"elementor-widget-container\">\n\t\t\t\t\t<h2 class=\"elementor-heading-title elementor-size-default\">Pol\u00edtica de Cookies<\/h2>\t\t\t\t<\/div>\n\t\t\t\t<\/div>\n\t\t\t\t<div class=\"elementor-element elementor-element-74d16d7 elementor-widget-divider--view-line elementor-widget elementor-widget-divider\" data-id=\"74d16d7\" data-element_type=\"widget\" data-widget_type=\"divider.default\">\n\t\t\t\t<div class=\"elementor-widget-container\">\n\t\t\t\t\t\t\t<div class=\"elementor-divider\">\n\t\t\t<span class=\"elementor-divider-separator\">\n\t\t\t\t\t\t<\/span>\n\t\t<\/div>\n\t\t\t\t\t\t<\/div>\n\t\t\t\t<\/div>\n\t\t\t\t<div class=\"elementor-element elementor-element-4a96f19 elementor-widget elementor-widget-text-editor\" data-id=\"4a96f19\" data-element_type=\"widget\" data-widget_type=\"text-editor.default\">\n\t\t\t\t<div class=\"elementor-widget-container\">\n\t\t\t\t\t\t\t\t\t<p>Casa Lluert informa acerca del uso de las cookies en <a href=\"http:\/\/www.casalluert.com\" target=\"_blank\" rel=\"noopener\">www.casalluert.com<\/a>.<\/p><p>Una cookie es un fichero que se descarga en tu ordenador, tableta o tel\u00e9fono al acceder a determinadas p\u00e1ginas web. Las cookies permiten a una p\u00e1gina web, entre otras cosas, almacenar y recuperar informaci\u00f3n sobre los h\u00e1bitos de navegaci\u00f3n de un usuario o de su equipo y, dependiendo de la informaci\u00f3n que contengan y de la forma en que utilicen su equipo, pueden utilizarse tambi\u00e9n para reconocer al usuario.<br \/>Tipos de cookies<\/p><p>Seg\u00fan quien sea la entidad que gestione el dominio desde donde se env\u00edan las cookies y trate los datos que se obtengan se pueden distinguir dos tipos de cookies: cookies propias y cookies de terceros.<\/p><p>Existe tambi\u00e9n una segunda clasificaci\u00f3n seg\u00fan el plazo de tiempo que permanecen almacenadas en el navegador del cliente, pudiendo tratarse de cookies de sesi\u00f3n o cookies persistentes.<\/p><p>Por \u00faltimo, existe otra clasificaci\u00f3n con cinco tipos de cookies seg\u00fan la finalidad para la que se traten los datos obtenidos: cookies t\u00e9cnicas, cookies de personalizaci\u00f3n, cookies de an\u00e1lisis, cookies publicitarias y cookies de publicidad comportamental.<br \/>Cookies utilizadas en esta web<\/p><p>A continuaci\u00f3n se identifican las cookies que est\u00e1n siendo utilizadas en <a href=\"http:\/\/www.casalluert.com\" target=\"_blank\" rel=\"noopener\">www.casalluert.com<\/a> as\u00ed como su tipolog\u00eda y funci\u00f3n:<\/p><p>Google Analytics. Se trata de un servicio de anal\u00edtica web desarrollada por Google Inc. con domicilio en los Estados Unidos con sede central en 1600 Amphitheatre Parkway, Mountain View, California 94043, que permite la medici\u00f3n y an\u00e1lisis de la navegaci\u00f3n en www.casalluert.com. En tu navegador podr\u00e1s observar 4 cookies (_utma, _utmb, _ubmc y _utmz) relacionadas con este servicio. Seg\u00fan la tipolog\u00eda anterior se tratan de cookies de terceros, persistente y de an\u00e1lisis. Puedes encontrar m\u00e1s informaci\u00f3n al respecto e inhabilitar el uso de estas cookies en esta p\u00e1gina. A trav\u00e9s de la anal\u00edtica web se obtiene informaci\u00f3n relativa al n\u00famero de usuarios que acceden a la web para que podamos dar un mejor servicio, el n\u00famero de p\u00e1ginas vistas, la frecuencia y repetici\u00f3n de las visitas, su duraci\u00f3n, el navegador utilizado, el operador que presta el servicio, el idioma, el terminal que utiliza, o la ciudad a la que est\u00e1 asignada su direcci\u00f3n IP.<\/p><p>PHPSESSID. Esta cookie es usada por el lenguaje de programaci\u00f3n PHP para permitir que las variables de sesi\u00f3n se puedan guardar en el servidor web. Seg\u00fan la tipolog\u00eda anterior se trata de una cookie propia, de sesi\u00f3n y t\u00e9cnica. Esta cookie es esencial para el funcionamiento de la web, por lo que no se precisa consentimiento.<\/p>\t\t\t\t\t\t\t\t<\/div>\n\t\t\t\t<\/div>\n\t\t\t\t\t<\/div>\n\t\t\t\t<\/div>\n\t\t<div class=\"elementor-element elementor-element-b4fc531 e-flex e-con-boxed e-con e-parent\" data-id=\"b4fc531\" data-element_type=\"container\">\n\t\t\t\t\t<div class=\"e-con-inner\">\n\t\t\t\t<div class=\"elementor-element elementor-element-42d1752 elementor-widget elementor-widget-heading\" data-id=\"42d1752\" data-element_type=\"widget\" data-widget_type=\"heading.default\">\n\t\t\t\t<div class=\"elementor-widget-container\">\n\t\t\t\t\t<h2 class=\"elementor-heading-title elementor-size-default\">Aceptaci\u00f3n de la Pol\u00edtica de cookies<\/h2>\t\t\t\t<\/div>\n\t\t\t\t<\/div>\n\t\t\t\t<div class=\"elementor-element elementor-element-2f7a87e elementor-widget elementor-widget-text-editor\" data-id=\"2f7a87e\" data-element_type=\"widget\" data-widget_type=\"text-editor.default\">\n\t\t\t\t<div class=\"elementor-widget-container\">\n\t\t\t\t\t\t\t\t\t<p>Casa Lluert asume que aceptas el uso de cookies. No obstante, mostramos informaci\u00f3n sobre nuestra Pol\u00edtica de cookies en la parte inferior de cualquier p\u00e1gina de nuestro sitio web con cada inicio de sesi\u00f3n con el objeto de que seas completamente consciente de ello. Ante esta informaci\u00f3n es posible llevar a cabo las siguientes acciones:<\/p><p>Aceptar cookies. No se volver\u00e1 a visualizar este aviso al acceder a cualquier p\u00e1gina de <a href=\"http:\/\/www.casalluert.com\" target=\"_blank\" rel=\"noopener\">www.casalluert.com<\/a> durante 365 d\u00edas.<br \/>Rechazar cookies. Se saldr\u00e1 de la p\u00e1gina web inmediatamente.<br \/>Consultar pol\u00edtica de cookies. Podr\u00e1s obtener m\u00e1s informaci\u00f3n sobre qu\u00e9 son las cookies, conocer la pol\u00edtica de cookies de Casa Lluert y modificar la configuraci\u00f3n de tu navegador.<\/p>\t\t\t\t\t\t\t\t<\/div>\n\t\t\t\t<\/div>\n\t\t\t\t\t<\/div>\n\t\t\t\t<\/div>\n\t\t<div class=\"elementor-element elementor-element-298d7f3 e-flex e-con-boxed e-con e-parent\" data-id=\"298d7f3\" data-element_type=\"container\">\n\t\t\t\t\t<div class=\"e-con-inner\">\n\t\t\t\t<div class=\"elementor-element elementor-element-2815b95 elementor-widget elementor-widget-heading\" data-id=\"2815b95\" data-element_type=\"widget\" data-widget_type=\"heading.default\">\n\t\t\t\t<div class=\"elementor-widget-container\">\n\t\t\t\t\t<h2 class=\"elementor-heading-title elementor-size-default\">C\u00f3mo modificar la configuraci\u00f3n de las cookies\n<\/h2>\t\t\t\t<\/div>\n\t\t\t\t<\/div>\n\t\t\t\t<div class=\"elementor-element elementor-element-986db17 elementor-widget elementor-widget-text-editor\" data-id=\"986db17\" data-element_type=\"widget\" data-widget_type=\"text-editor.default\">\n\t\t\t\t<div class=\"elementor-widget-container\">\n\t\t\t\t\t\t\t\t\t<p>Puedes permitir, bloquear o eliminar las cookies instaladas en tu equipo desde las opciones de configuraci\u00f3n de tu navegador. Seg\u00fan el mismo la operativa var\u00eda, por ese motivo desde el men\u00fa de ayuda encontrar\u00e1s la manera exacta de hacerlo. No obstante, te explicamos c\u00f3mo hacerlo en los principales navegadores del mercado: Internet Explorer, Firefox, Google Chrome, Safari.<\/p><p>En caso de que bloquees las cookies en tu navegador, es muy probable que no puedas acceder correctamente a alguna de las secciones de nuestra web o que \u00e9stas no se muestren correctamente.<\/p>\t\t\t\t\t\t\t\t<\/div>\n\t\t\t\t<\/div>\n\t\t\t\t\t<\/div>\n\t\t\t\t<\/div>\n\t\t\t\t<\/div>\n\t\t","protected":false},"excerpt":{"rendered":"<p>Pol\u00edtica de Cookies Casa Lluert informa acerca del uso de las cookies en www.casalluert.com. Una cookie es un fichero que se descarga en tu ordenador, tableta o tel\u00e9fono al acceder a determinadas p\u00e1ginas web. Las cookies permiten a una p\u00e1gina web, entre otras cosas, almacenar y recuperar informaci\u00f3n sobre los h\u00e1bitos de navegaci\u00f3n de un<\/p>\n","protected":false},"author":1,"featured_media":0,"parent":0,"menu_order":0,"comment_status":"closed","ping_status":"closed","template":"tpl-visual_composer.php","meta":{"_joinchat":[],"footnotes":""},"class_list":["post-999","page","type-page","status-publish","hentry"],"yoast_head":"<!-- This site is optimized with the Yoast SEO plugin v27.2 - https:\/\/yoast.com\/product\/yoast-seo-wordpress\/ -->\n<title>Pol\u00edtica de Cookies - Casa Lluert<\/title>\n<meta name=\"robots\" content=\"index, follow, max-snippet:-1, max-image-preview:large, max-video-preview:-1\" \/>\n<link rel=\"canonical\" href=\"https:\/\/www.casalluert.com\/es\/politica-de-cookies\/\" \/>\n<meta property=\"og:locale\" content=\"es_ES\" \/>\n<meta property=\"og:type\" content=\"article\" \/>\n<meta property=\"og:title\" content=\"Pol\u00edtica de Cookies - Casa Lluert\" \/>\n<meta property=\"og:description\" content=\"Pol\u00edtica de Cookies Casa Lluert informa acerca del uso de las cookies en www.casalluert.com. Una cookie es un fichero que se descarga en tu ordenador, tableta o tel\u00e9fono al acceder a determinadas p\u00e1ginas web. Las cookies permiten a una p\u00e1gina web, entre otras cosas, almacenar y recuperar informaci\u00f3n sobre los h\u00e1bitos de navegaci\u00f3n de un\" \/>\n<meta property=\"og:url\" content=\"https:\/\/www.casalluert.com\/es\/politica-de-cookies\/\" \/>\n<meta property=\"og:site_name\" content=\"Casa Lluert\" \/>\n<meta property=\"article:modified_time\" content=\"2024-12-11T11:50:28+00:00\" \/>\n<meta name=\"twitter:card\" content=\"summary_large_image\" \/>\n<meta name=\"twitter:label1\" content=\"Tiempo de lectura\" \/>\n\t<meta name=\"twitter:data1\" content=\"4 minutos\" \/>\n<script type=\"application\/ld+json\" class=\"yoast-schema-graph\">{\"@context\":\"https:\/\/schema.org\",\"@graph\":[{\"@type\":\"WebPage\",\"@id\":\"https:\/\/www.casalluert.com\/es\/politica-de-cookies\/\",\"url\":\"https:\/\/www.casalluert.com\/es\/politica-de-cookies\/\",\"name\":\"Pol\u00edtica de Cookies - Casa Lluert\",\"isPartOf\":{\"@id\":\"https:\/\/www.casalluert.com\/es\/#website\"},\"datePublished\":\"2024-11-20T10:38:47+00:00\",\"dateModified\":\"2024-12-11T11:50:28+00:00\",\"breadcrumb\":{\"@id\":\"https:\/\/www.casalluert.com\/es\/politica-de-cookies\/#breadcrumb\"},\"inLanguage\":\"es\",\"potentialAction\":[{\"@type\":\"ReadAction\",\"target\":[\"https:\/\/www.casalluert.com\/es\/politica-de-cookies\/\"]}]},{\"@type\":\"BreadcrumbList\",\"@id\":\"https:\/\/www.casalluert.com\/es\/politica-de-cookies\/#breadcrumb\",\"itemListElement\":[{\"@type\":\"ListItem\",\"position\":1,\"name\":\"Inici\",\"item\":\"https:\/\/www.casalluert.com\/es\/inicio\/\"},{\"@type\":\"ListItem\",\"position\":2,\"name\":\"Pol\u00edtica de Cookies\"}]},{\"@type\":\"WebSite\",\"@id\":\"https:\/\/www.casalluert.com\/es\/#website\",\"url\":\"https:\/\/www.casalluert.com\/es\/\",\"name\":\"Casa Lluert\",\"description\":\"Casa Rural a Avi\u00e0\",\"publisher\":{\"@id\":\"https:\/\/www.casalluert.com\/es\/#organization\"},\"potentialAction\":[{\"@type\":\"SearchAction\",\"target\":{\"@type\":\"EntryPoint\",\"urlTemplate\":\"https:\/\/www.casalluert.com\/es\/?s={search_term_string}\"},\"query-input\":{\"@type\":\"PropertyValueSpecification\",\"valueRequired\":true,\"valueName\":\"search_term_string\"}}],\"inLanguage\":\"es\"},{\"@type\":\"Organization\",\"@id\":\"https:\/\/www.casalluert.com\/es\/#organization\",\"name\":\"Casa Lluert\",\"url\":\"https:\/\/www.casalluert.com\/es\/\",\"logo\":{\"@type\":\"ImageObject\",\"inLanguage\":\"es\",\"@id\":\"https:\/\/www.casalluert.com\/es\/#\/schema\/logo\/image\/\",\"url\":\"https:\/\/www.casalluert.com\/wp-content\/uploads\/2024\/11\/img-logo-casa-lluert-2024-1.png\",\"contentUrl\":\"https:\/\/www.casalluert.com\/wp-content\/uploads\/2024\/11\/img-logo-casa-lluert-2024-1.png\",\"width\":200,\"height\":100,\"caption\":\"Casa Lluert\"},\"image\":{\"@id\":\"https:\/\/www.casalluert.com\/es\/#\/schema\/logo\/image\/\"}}]}<\/script>\n<!-- \/ Yoast SEO plugin. -->","yoast_head_json":{"title":"Pol\u00edtica de Cookies - Casa Lluert","robots":{"index":"index","follow":"follow","max-snippet":"max-snippet:-1","max-image-preview":"max-image-preview:large","max-video-preview":"max-video-preview:-1"},"canonical":"https:\/\/www.casalluert.com\/es\/politica-de-cookies\/","og_locale":"es_ES","og_type":"article","og_title":"Pol\u00edtica de Cookies - Casa Lluert","og_description":"Pol\u00edtica de Cookies Casa Lluert informa acerca del uso de las cookies en www.casalluert.com. Una cookie es un fichero que se descarga en tu ordenador, tableta o tel\u00e9fono al acceder a determinadas p\u00e1ginas web. Las cookies permiten a una p\u00e1gina web, entre otras cosas, almacenar y recuperar informaci\u00f3n sobre los h\u00e1bitos de navegaci\u00f3n de un","og_url":"https:\/\/www.casalluert.com\/es\/politica-de-cookies\/","og_site_name":"Casa Lluert","article_modified_time":"2024-12-11T11:50:28+00:00","twitter_card":"summary_large_image","twitter_misc":{"Tiempo de lectura":"4 minutos"},"schema":{"@context":"https:\/\/schema.org","@graph":[{"@type":"WebPage","@id":"https:\/\/www.casalluert.com\/es\/politica-de-cookies\/","url":"https:\/\/www.casalluert.com\/es\/politica-de-cookies\/","name":"Pol\u00edtica de Cookies - Casa Lluert","isPartOf":{"@id":"https:\/\/www.casalluert.com\/es\/#website"},"datePublished":"2024-11-20T10:38:47+00:00","dateModified":"2024-12-11T11:50:28+00:00","breadcrumb":{"@id":"https:\/\/www.casalluert.com\/es\/politica-de-cookies\/#breadcrumb"},"inLanguage":"es","potentialAction":[{"@type":"ReadAction","target":["https:\/\/www.casalluert.com\/es\/politica-de-cookies\/"]}]},{"@type":"BreadcrumbList","@id":"https:\/\/www.casalluert.com\/es\/politica-de-cookies\/#breadcrumb","itemListElement":[{"@type":"ListItem","position":1,"name":"Inici","item":"https:\/\/www.casalluert.com\/es\/inicio\/"},{"@type":"ListItem","position":2,"name":"Pol\u00edtica de Cookies"}]},{"@type":"WebSite","@id":"https:\/\/www.casalluert.com\/es\/#website","url":"https:\/\/www.casalluert.com\/es\/","name":"Casa Lluert","description":"Casa Rural a Avi\u00e0","publisher":{"@id":"https:\/\/www.casalluert.com\/es\/#organization"},"potentialAction":[{"@type":"SearchAction","target":{"@type":"EntryPoint","urlTemplate":"https:\/\/www.casalluert.com\/es\/?s={search_term_string}"},"query-input":{"@type":"PropertyValueSpecification","valueRequired":true,"valueName":"search_term_string"}}],"inLanguage":"es"},{"@type":"Organization","@id":"https:\/\/www.casalluert.com\/es\/#organization","name":"Casa Lluert","url":"https:\/\/www.casalluert.com\/es\/","logo":{"@type":"ImageObject","inLanguage":"es","@id":"https:\/\/www.casalluert.com\/es\/#\/schema\/logo\/image\/","url":"https:\/\/www.casalluert.com\/wp-content\/uploads\/2024\/11\/img-logo-casa-lluert-2024-1.png","contentUrl":"https:\/\/www.casalluert.com\/wp-content\/uploads\/2024\/11\/img-logo-casa-lluert-2024-1.png","width":200,"height":100,"caption":"Casa Lluert"},"image":{"@id":"https:\/\/www.casalluert.com\/es\/#\/schema\/logo\/image\/"}}]}},"_links":{"self":[{"href":"https:\/\/www.casalluert.com\/es\/wp-json\/wp\/v2\/pages\/999","targetHints":{"allow":["GET"]}}],"collection":[{"href":"https:\/\/www.casalluert.com\/es\/wp-json\/wp\/v2\/pages"}],"about":[{"href":"https:\/\/www.casalluert.com\/es\/wp-json\/wp\/v2\/types\/page"}],"author":[{"embeddable":true,"href":"https:\/\/www.casalluert.com\/es\/wp-json\/wp\/v2\/users\/1"}],"replies":[{"embeddable":true,"href":"https:\/\/www.casalluert.com\/es\/wp-json\/wp\/v2\/comments?post=999"}],"version-history":[{"count":7,"href":"https:\/\/www.casalluert.com\/es\/wp-json\/wp\/v2\/pages\/999\/revisions"}],"predecessor-version":[{"id":1393,"href":"https:\/\/www.casalluert.com\/es\/wp-json\/wp\/v2\/pages\/999\/revisions\/1393"}],"wp:attachment":[{"href":"https:\/\/www.casalluert.com\/es\/wp-json\/wp\/v2\/media?parent=999"}],"curies":[{"name":"wp","href":"https:\/\/api.w.org\/{rel}","templated":true}]}}